{"id":3927,"date":"2019-06-11T16:18:48","date_gmt":"2019-06-11T14:18:48","guid":{"rendered":"https:\/\/www.perigordaventureloisirs.com\/formule-canoe-dordogne-special-week-end\/"},"modified":"2024-05-24T13:20:22","modified_gmt":"2024-05-24T11:20:22","slug":"special-weekend-canoe-package-dordogne","status":"publish","type":"page","link":"https:\/\/www.perigordaventureloisirs.com\/en\/special-weekend-canoe-package-dordogne\/","title":{"rendered":"Special weekend canoe package"},"content":{"rendered":"\n<style type=\"text\/css\" data-created_by=\"avia_inline_auto\" id=\"style-css-av-34zq7r-e9fded20d18ea3de6948df0df51bb008\">\n#top .av-special-heading.av-34zq7r-e9fded20d18ea3de6948df0df51bb008{\npadding-bottom:10px;\nfont-size:40px;\n}\nbody .av-special-heading.av-34zq7r-e9fded20d18ea3de6948df0df51bb008 .av-special-heading-tag .heading-char{\nfont-size:25px;\n}\n#top #wrap_all .av-special-heading.av-34zq7r-e9fded20d18ea3de6948df0df51bb008 .av-special-heading-tag{\nfont-size:40px;\n}\n.av-special-heading.av-34zq7r-e9fded20d18ea3de6948df0df51bb008 .av-subheading{\nfont-size:15px;\n}\n\n@media only screen and (min-width: 480px) and (max-width: 767px){ \n#top #wrap_all .av-special-heading.av-34zq7r-e9fded20d18ea3de6948df0df51bb008 .av-special-heading-tag{\nfont-size:0.8em;\n}\n}\n\n@media only screen and (max-width: 479px){ \n#top #wrap_all .av-special-heading.av-34zq7r-e9fded20d18ea3de6948df0df51bb008 .av-special-heading-tag{\nfont-size:0.8em;\n}\n}\n<\/style>\n<div  class='av-special-heading av-34zq7r-e9fded20d18ea3de6948df0df51bb008 av-special-heading-h1 blockquote modern-quote  avia-builder-el-0  el_before_av_one_full  avia-builder-el-first  av-inherit-size'><h1 class='av-special-heading-tag '  itemprop=\"headline\"  >Special weekend canoe package<\/h1><div class=\"special-heading-border\"><div class=\"special-heading-inner-border\"><\/div><\/div><\/div>\n\n<style type=\"text\/css\" data-created_by=\"avia_inline_auto\" id=\"style-css-av-jwroem72-9b36ada18258329433336fc2eb1fdd76\">\n.flex_column.av-jwroem72-9b36ada18258329433336fc2eb1fdd76{\nborder-radius:0px 0px 0px 0px;\npadding:20px 20px 20px 20px;\nbackground-color:#ebebeb;\n}\n<\/style>\n<div  class='flex_column av-jwroem72-9b36ada18258329433336fc2eb1fdd76 av_one_full  avia-builder-el-1  el_after_av_heading  el_before_av_one_full  first flex_column_div av-animated-generic pop-up  '     ><p>\n<style type=\"text\/css\" data-created_by=\"avia_inline_auto\" id=\"style-css-av-1zqdzr-dddb06d523890ce505e3aab2298ad813\">\n#top .av-special-heading.av-1zqdzr-dddb06d523890ce505e3aab2298ad813{\nmargin:0 0 0 0;\npadding-bottom:10px;\ncolor:#006ab3;\n}\nbody .av-special-heading.av-1zqdzr-dddb06d523890ce505e3aab2298ad813 .av-special-heading-tag .heading-char{\nfont-size:25px;\n}\n.av-special-heading.av-1zqdzr-dddb06d523890ce505e3aab2298ad813 .special-heading-inner-border{\nborder-color:#006ab3;\n}\n.av-special-heading.av-1zqdzr-dddb06d523890ce505e3aab2298ad813 .av-subheading{\nfont-size:15px;\n}\n<\/style>\n<div  class='av-special-heading av-1zqdzr-dddb06d523890ce505e3aab2298ad813 av-special-heading-h2 custom-color-heading blockquote modern-quote  avia-builder-el-2  el_before_av_image  avia-builder-el-first '><h2 class='av-special-heading-tag '  itemprop=\"headline\"  >A two-day canoe circuit on the Dordogne:<br \/>\nRelax and get away in the Dordogne valley<\/h2><div class=\"special-heading-border\"><div class=\"special-heading-inner-border\"><\/div><\/div><\/div><br \/>\n\n<style type=\"text\/css\" data-created_by=\"avia_inline_auto\" id=\"style-css-av-jwruivx5-09416d015b3a364d6cb180a9d043e99e\">\n.avia-image-container.av-jwruivx5-09416d015b3a364d6cb180a9d043e99e img.avia_image{\nbox-shadow:none;\n}\n.avia-image-container.av-jwruivx5-09416d015b3a364d6cb180a9d043e99e .av-image-caption-overlay-center{\ncolor:#ffffff;\n}\n<\/style>\n<div  class='avia-image-container av-jwruivx5-09416d015b3a364d6cb180a9d043e99e av-styling- avia-align-center  avia-builder-el-3  el_after_av_heading  el_before_av_icon_box '   itemprop=\"image\" itemscope=\"itemscope\" itemtype=\"https:\/\/schema.org\/ImageObject\" ><div class=\"avia-image-container-inner\"><div class=\"avia-image-overlay-wrap\"><img decoding=\"async\" fetchpriority=\"high\" class='wp-image-3928 avia-img-lazy-loading-not-3928 avia_image ' src=\"https:\/\/www.perigordaventureloisirs.com\/wp-content\/uploads\/2019\/06\/canoe-chateau.jpg\" alt='' title='Formule location cano\u00eb sur la Dordogne week-end'  height=\"530\" width=\"900\"  itemprop=\"thumbnailUrl\" srcset=\"https:\/\/www.perigordaventureloisirs.com\/wp-content\/uploads\/2019\/06\/canoe-chateau.jpg 900w, https:\/\/www.perigordaventureloisirs.com\/wp-content\/uploads\/2019\/06\/canoe-chateau-300x177.jpg 300w, https:\/\/www.perigordaventureloisirs.com\/wp-content\/uploads\/2019\/06\/canoe-chateau-768x452.jpg 768w, https:\/\/www.perigordaventureloisirs.com\/wp-content\/uploads\/2019\/06\/canoe-chateau-705x415.jpg 705w, https:\/\/www.perigordaventureloisirs.com\/wp-content\/uploads\/2019\/06\/canoe-chateau-450x265.jpg 450w\" sizes=\"(max-width: 900px) 100vw, 900px\" \/><\/div><\/div><\/div><br \/>\n\n<style type=\"text\/css\" data-created_by=\"avia_inline_auto\" id=\"style-css-av-jwro2l5y-ae3c411d14ec8ee9e14b1ea1970f4b01\">\n.iconbox.av-jwro2l5y-ae3c411d14ec8ee9e14b1ea1970f4b01 .iconbox_icon{\nbackground-color:#e2001a;\nborder:1px solid #e2001a;\ncolor:#ffffff;\n}\n.iconbox.av-jwro2l5y-ae3c411d14ec8ee9e14b1ea1970f4b01 .iconbox_icon.avia-svg-icon svg:first-child{\nfill:#ffffff;\nstroke:#ffffff;\n}\n<\/style>\n<article  class='iconbox iconbox_left_content av-jwro2l5y-ae3c411d14ec8ee9e14b1ea1970f4b01  avia-builder-el-4  el_after_av_image  avia-builder-el-last '  itemscope=\"itemscope\" itemtype=\"https:\/\/schema.org\/CreativeWork\" ><div class='iconbox_icon heading-color avia-iconfont avia-font-entypo-fontello' data-av_icon='\ue81e' data-av_iconfont='entypo-fontello'  ><\/div><div class=\"iconbox_content\"><header class=\"entry-content-header\" aria-label=\"Icon: Information-Booking:\"><h3 class='iconbox_content_title '  itemprop=\"headline\" >Information-Booking:<\/h3><\/header><div class='iconbox_content_container '  itemprop=\"text\" ><h2><span style=\"color: #e2001a;\"><a href=\"tel:+33553282382\">+33 (0)553 282 382<\/a> or <a href=\"tel:+33683273006\">+33 (0)683 273 006<\/a><\/span><\/h2>\n<\/div><\/div><footer class=\"entry-footer\"><\/footer><\/article><\/p><\/div>\n\n<style type=\"text\/css\" data-created_by=\"avia_inline_auto\" id=\"style-css-av-1y7xob-de0d5d905fa2e4a04b5f6f45bd8baf92\">\n.flex_column.av-1y7xob-de0d5d905fa2e4a04b5f6f45bd8baf92{\nborder-radius:0px 0px 0px 0px;\npadding:0px 0px 0px 0px;\n}\n<\/style>\n<div  class='flex_column av-1y7xob-de0d5d905fa2e4a04b5f6f45bd8baf92 av_one_full  avia-builder-el-5  el_after_av_one_full  el_before_av_one_full  first flex_column_div av-zero-column-padding  column-top-margin'     ><section  class='av_textblock_section av-jwrui2a6-f35c9cd1504945c18d514592ba8a4541 '   itemscope=\"itemscope\" itemtype=\"https:\/\/schema.org\/CreativeWork\" ><div class='avia_textblock'  itemprop=\"text\" ><h3>SATURDAY: \u201cInto the wilderness\u201d from Saint-Julien de Lampon to Vitrac<\/h3>\n<p>Leaves from the Vitrac car park <a href=\"https:\/\/goo.gl\/maps\/uPeXBcscKNJHgMfy6\" target=\"_blank\" rel=\"noopener\">(Access map to Vitrac&#8230;)<\/a><br \/>\nThe bus leaves on Saturday at 09:30 for Saint-Julien de Lampon<br \/>\n<img decoding=\"async\" class=\"size-full wp-image-420 alignnone\" title=\"parcours-3\" src=\"https:\/\/www.perigordaventureloisirs.com\/wp-content\/uploads\/2019\/06\/parcours-4.gif\" alt=\" width=\" height=\"302\" \/><br \/>\nSpend the night in a bivouac at the Vitrac base on our grounds or at a campsite, hotel or guest house of your choice.<br \/>\nAll are located within a short walk of the river.<br \/>\nYour car will be on site.<\/p>\n<hr \/>\n<h3>SUNDAY: \u201cTourist trail\u201d from Vitrac to Beynac<\/h3>\n<p>Leave whenever you\u2019re ready, from 09:30 to 16:00.<br \/>\n<img loading=\"lazy\" decoding=\"async\" class=\"size-full wp-image-419 alignnone\" title=\"parcours-2\" src=\"https:\/\/www.perigordaventureloisirs.com\/wp-content\/uploads\/2019\/06\/parcours-1.gif\" alt=\"\" width=\"694\" height=\"302\" \/><br \/>\nReturn from Beynac by bus from 13:00 to 19:00.<\/p>\n<hr \/>\n<p style=\"text-align: center;\"><span style=\"color: #ff0000;\"><strong>PRICES: Prices: canoe \u20ac45 per pers &#8211; kayak \u20ac50<\/strong><\/span><br \/>\n<em>No discount on this offer.<\/em><\/p>\n<p><div  class='avia-button-wrap av-fhpty5-6cee35f66a6427e922b41582c3826914-wrap avia-button-center  avia-builder-el-7  el_before_av_button  avia-builder-el-first '>\n<style type=\"text\/css\" data-created_by=\"avia_inline_auto\" id=\"style-css-av-fhpty5-6cee35f66a6427e922b41582c3826914\">\n#top #wrap_all .avia-button.av-fhpty5-6cee35f66a6427e922b41582c3826914{\nbackground-color:#009037;;\nborder-color:#009037;;\ncolor:#ffffff;\ntransition:all 0.4s ease-in-out;\n}\n#top #wrap_all .avia-button.av-fhpty5-6cee35f66a6427e922b41582c3826914 .avia-svg-icon svg:first-child{\nfill:#ffffff;\nstroke:#ffffff;\n}\n<\/style>\n<a href='https:\/\/www.perigordaventureloisirs.com\/en\/general-questions-renting-canoe-dordogne'  class='avia-button av-fhpty5-6cee35f66a6427e922b41582c3826914 av-link-btn avia-icon_select-yes-left-icon avia-size-large avia-position-center'   aria-label=\"Pratical info\"><span class='avia_button_icon avia_button_icon_left avia-iconfont avia-font-entypo-fontello' data-av_icon='\ue832' data-av_iconfont='entypo-fontello' ><\/span><span class='avia_iconbox_title' >Pratical info<\/span><\/a><\/div> <div  class='avia-button-wrap av-fhpty5-10-5cae52bb0fcd353b6d3936b4b8d978d4-wrap avia-button-center  avia-builder-el-8  el_after_av_button  avia-builder-el-last '>\n<style type=\"text\/css\" data-created_by=\"avia_inline_auto\" id=\"style-css-av-fhpty5-10-5cae52bb0fcd353b6d3936b4b8d978d4\">\n#top #wrap_all .avia-button.av-fhpty5-10-5cae52bb0fcd353b6d3936b4b8d978d4{\nbackground-color:#e2001a;\nborder-color:#e2001a;\ncolor:#ffffff;\ntransition:all 0.4s ease-in-out;\n}\n#top #wrap_all .avia-button.av-fhpty5-10-5cae52bb0fcd353b6d3936b4b8d978d4 .avia-svg-icon svg:first-child{\nfill:#ffffff;\nstroke:#ffffff;\n}\n<\/style>\n<a href='https:\/\/reservations.perigordaventureloisirs.com\/activite\/randonnee-trek-canoe-kayak'  class='avia-button av-fhpty5-10-5cae52bb0fcd353b6d3936b4b8d978d4 av-link-btn avia-icon_select-yes-left-icon avia-size-large avia-position-center'  target=\"_blank\"  rel=\"noopener noreferrer\"  aria-label=\"Booking\"><span class='avia_button_icon avia_button_icon_left avia-iconfont avia-font-entypo-fontello' data-av_icon='\ue832' data-av_iconfont='entypo-fontello' ><\/span><span class='avia_iconbox_title' >Booking<\/span><\/a><\/div><\/p>\n<\/div><\/section><\/div>\n\n<style type=\"text\/css\" data-created_by=\"avia_inline_auto\" id=\"style-css-av-3xoe53-163dca5e837d31808c9e5284b6399640\">\n#top .flex_column.av-3xoe53-163dca5e837d31808c9e5284b6399640{\nmargin-top:20px;\nmargin-bottom:20px;\n}\n.flex_column.av-3xoe53-163dca5e837d31808c9e5284b6399640{\nborder-radius:0px 0px 0px 0px;\npadding:20px 20px 20px 20px;\nbackground-color:#ebebeb;\n}\n.responsive #top #wrap_all .flex_column.av-3xoe53-163dca5e837d31808c9e5284b6399640{\nmargin-top:20px;\nmargin-bottom:20px;\n}\n<\/style>\n<div  class='flex_column av-3xoe53-163dca5e837d31808c9e5284b6399640 av_one_full  avia-builder-el-9  el_after_av_one_full  avia-builder-el-last  first flex_column_div  column-top-margin'     ><section  class='av_textblock_section av-lj2xir91-d8c4dba2e01cee3022881980614515b9 '   itemscope=\"itemscope\" itemtype=\"https:\/\/schema.org\/CreativeWork\" ><div class='avia_textblock'  itemprop=\"text\" ><h3 style=\"text-align: center;\">You wish to have lunch on site,<br \/>\nnoon or evening?<\/h3>\n<\/div><\/section><br \/>\n\n<style type=\"text\/css\" data-created_by=\"avia_inline_auto\" id=\"style-css-av-389trb-62fd5bb84966ccb1bc029be695198bff\">\n.avia-image-container.av-389trb-62fd5bb84966ccb1bc029be695198bff img.avia_image{\nbox-shadow:none;\n}\n.avia-image-container.av-389trb-62fd5bb84966ccb1bc029be695198bff .av-image-caption-overlay-center{\ncolor:#ffffff;\n}\n<\/style>\n<div  class='avia-image-container av-389trb-62fd5bb84966ccb1bc029be695198bff av-styling- avia-align-center  avia-builder-el-11  el_after_av_textblock  el_before_av_textblock '   itemprop=\"image\" itemscope=\"itemscope\" itemtype=\"https:\/\/schema.org\/ImageObject\" ><div class=\"avia-image-container-inner\"><div class=\"avia-image-overlay-wrap\"><img decoding=\"async\" fetchpriority=\"high\" class='wp-image-3941 avia-img-lazy-loading-not-3941 avia_image ' src=\"https:\/\/www.perigordaventureloisirs.com\/wp-content\/uploads\/2019\/06\/pique-nique.jpg\" alt='' title='pique-nique'  height=\"268\" width=\"590\"  itemprop=\"thumbnailUrl\" srcset=\"https:\/\/www.perigordaventureloisirs.com\/wp-content\/uploads\/2019\/06\/pique-nique.jpg 590w, https:\/\/www.perigordaventureloisirs.com\/wp-content\/uploads\/2019\/06\/pique-nique-300x136.jpg 300w, https:\/\/www.perigordaventureloisirs.com\/wp-content\/uploads\/2019\/06\/pique-nique-450x204.jpg 450w\" sizes=\"(max-width: 590px) 100vw, 590px\" \/><\/div><\/div><\/div><br \/>\n\n<style type=\"text\/css\" data-created_by=\"avia_inline_auto\" id=\"style-css-av-lj2xpeqi-45c81985b5b11f8fcee19e9634d9d8a3\">\n#top .av_textblock_section.av-lj2xpeqi-45c81985b5b11f8fcee19e9634d9d8a3 .avia_textblock{\ntext-align:center;\n}\n<\/style>\n<section  class='av_textblock_section av-lj2xpeqi-45c81985b5b11f8fcee19e9634d9d8a3 '   itemscope=\"itemscope\" itemtype=\"https:\/\/schema.org\/CreativeWork\" ><div class='avia_textblock'  itemprop=\"text\" ><p><strong>Meal plan at 25 \u20ac<\/strong><br \/>\nExample: Perigord salad or raw vegetables + grilled meats and fries + walnut cake or ice cream.<\/p>\n<p><strong>Snack, Picnic area available<\/strong><\/p>\n<p><strong>Groups:<\/strong> Contact us.<\/p>\n<p><strong><span style=\"color: #e2001a;\">Any menu proposal can be studied.<\/span><\/strong><\/p>\n<\/div><\/section><\/p><\/div>\n","protected":false},"excerpt":{"rendered":"","protected":false},"author":1,"featured_media":0,"parent":0,"menu_order":0,"comment_status":"closed","ping_status":"closed","template":"","meta":{"footnotes":""},"class_list":["post-3927","page","type-page","status-publish","hentry"],"yoast_head":"<!-- This site is optimized with the Yoast SEO plugin v27.5 - https:\/\/yoast.com\/product\/yoast-seo-wordpress\/ -->\n<title>Formule sp\u00e9ciale week-end pour descendre la Dordogne en cano\u00eb<\/title>\n<meta name=\"description\" content=\"D\u00e9couvrez la Dordogne en cano\u00eb le temps d&#039;un week-end avec P\u00e9rigord Aventure et Loisirs. Circuits de descente en cano\u00ebs ou kayaks sauvages et touristiques.\" \/>\n<meta name=\"robots\" content=\"index, follow, max-snippet:-1, max-image-preview:large, max-video-preview:-1\" \/>\n<link rel=\"canonical\" href=\"https:\/\/www.perigordaventureloisirs.com\/en\/special-weekend-canoe-package-dordogne\/\" \/>\n<meta property=\"og:locale\" content=\"en_US\" \/>\n<meta property=\"og:type\" content=\"article\" \/>\n<meta property=\"og:title\" content=\"Formule sp\u00e9ciale week-end pour descendre la Dordogne en cano\u00eb\" \/>\n<meta property=\"og:description\" content=\"D\u00e9couvrez la Dordogne en cano\u00eb le temps d&#039;un week-end avec P\u00e9rigord Aventure et Loisirs. Circuits de descente en cano\u00ebs ou kayaks sauvages et touristiques.\" \/>\n<meta property=\"og:url\" content=\"https:\/\/www.perigordaventureloisirs.com\/en\/special-weekend-canoe-package-dordogne\/\" \/>\n<meta property=\"og:site_name\" content=\"P\u00e9rigord Aventure et Loisirs\" \/>\n<meta property=\"article:modified_time\" content=\"2024-05-24T11:20:22+00:00\" \/>\n<meta property=\"og:image\" content=\"https:\/\/www.perigordaventureloisirs.com\/wp-content\/uploads\/2019\/06\/parcours-4.gif\" \/>\n<meta name=\"twitter:card\" content=\"summary_large_image\" \/>\n<meta name=\"twitter:label1\" content=\"Est. reading time\" \/>\n\t<meta name=\"twitter:data1\" content=\"4 minutes\" \/>\n<script type=\"application\/ld+json\" class=\"yoast-schema-graph\">{\"@context\":\"https:\\\/\\\/schema.org\",\"@graph\":[{\"@type\":\"WebPage\",\"@id\":\"https:\\\/\\\/www.perigordaventureloisirs.com\\\/en\\\/special-weekend-canoe-package-dordogne\\\/\",\"url\":\"https:\\\/\\\/www.perigordaventureloisirs.com\\\/en\\\/special-weekend-canoe-package-dordogne\\\/\",\"name\":\"Formule sp\u00e9ciale week-end pour descendre la Dordogne en cano\u00eb\",\"isPartOf\":{\"@id\":\"https:\\\/\\\/www.perigordaventureloisirs.com\\\/#website\"},\"primaryImageOfPage\":{\"@id\":\"https:\\\/\\\/www.perigordaventureloisirs.com\\\/en\\\/special-weekend-canoe-package-dordogne\\\/#primaryimage\"},\"image\":{\"@id\":\"https:\\\/\\\/www.perigordaventureloisirs.com\\\/en\\\/special-weekend-canoe-package-dordogne\\\/#primaryimage\"},\"thumbnailUrl\":\"https:\\\/\\\/www.perigordaventureloisirs.com\\\/wp-content\\\/uploads\\\/2019\\\/06\\\/parcours-4.gif\",\"datePublished\":\"2019-06-11T14:18:48+00:00\",\"dateModified\":\"2024-05-24T11:20:22+00:00\",\"description\":\"D\u00e9couvrez la Dordogne en cano\u00eb le temps d'un week-end avec P\u00e9rigord Aventure et Loisirs. Circuits de descente en cano\u00ebs ou kayaks sauvages et touristiques.\",\"breadcrumb\":{\"@id\":\"https:\\\/\\\/www.perigordaventureloisirs.com\\\/en\\\/special-weekend-canoe-package-dordogne\\\/#breadcrumb\"},\"inLanguage\":\"en-US\",\"potentialAction\":[{\"@type\":\"ReadAction\",\"target\":[\"https:\\\/\\\/www.perigordaventureloisirs.com\\\/en\\\/special-weekend-canoe-package-dordogne\\\/\"]}]},{\"@type\":\"ImageObject\",\"inLanguage\":\"en-US\",\"@id\":\"https:\\\/\\\/www.perigordaventureloisirs.com\\\/en\\\/special-weekend-canoe-package-dordogne\\\/#primaryimage\",\"url\":\"https:\\\/\\\/www.perigordaventureloisirs.com\\\/wp-content\\\/uploads\\\/2019\\\/06\\\/parcours-4.gif\",\"contentUrl\":\"https:\\\/\\\/www.perigordaventureloisirs.com\\\/wp-content\\\/uploads\\\/2019\\\/06\\\/parcours-4.gif\"},{\"@type\":\"BreadcrumbList\",\"@id\":\"https:\\\/\\\/www.perigordaventureloisirs.com\\\/en\\\/special-weekend-canoe-package-dordogne\\\/#breadcrumb\",\"itemListElement\":[{\"@type\":\"ListItem\",\"position\":1,\"name\":\"Accueil\",\"item\":\"https:\\\/\\\/www.perigordaventureloisirs.com\\\/en\\\/\"},{\"@type\":\"ListItem\",\"position\":2,\"name\":\"Special weekend canoe package\"}]},{\"@type\":\"WebSite\",\"@id\":\"https:\\\/\\\/www.perigordaventureloisirs.com\\\/#website\",\"url\":\"https:\\\/\\\/www.perigordaventureloisirs.com\\\/\",\"name\":\"P\u00e9rigord Aventure et Loisirs\",\"description\":\"Location Cano\u00eb Kayak sur la Dordogne\",\"publisher\":{\"@id\":\"https:\\\/\\\/www.perigordaventureloisirs.com\\\/#organization\"},\"potentialAction\":[{\"@type\":\"SearchAction\",\"target\":{\"@type\":\"EntryPoint\",\"urlTemplate\":\"https:\\\/\\\/www.perigordaventureloisirs.com\\\/?s={search_term_string}\"},\"query-input\":{\"@type\":\"PropertyValueSpecification\",\"valueRequired\":true,\"valueName\":\"search_term_string\"}}],\"inLanguage\":\"en-US\"},{\"@type\":\"Organization\",\"@id\":\"https:\\\/\\\/www.perigordaventureloisirs.com\\\/#organization\",\"name\":\"P\u00e9rigord Aventure Loisirs\",\"url\":\"https:\\\/\\\/www.perigordaventureloisirs.com\\\/\",\"logo\":{\"@type\":\"ImageObject\",\"inLanguage\":\"en-US\",\"@id\":\"https:\\\/\\\/www.perigordaventureloisirs.com\\\/#\\\/schema\\\/logo\\\/image\\\/\",\"url\":\"https:\\\/\\\/www.perigordaventureloisirs.com\\\/wp-content\\\/uploads\\\/2019\\\/06\\\/logo-perigord-aventure-loisirs-540x125px.png\",\"contentUrl\":\"https:\\\/\\\/www.perigordaventureloisirs.com\\\/wp-content\\\/uploads\\\/2019\\\/06\\\/logo-perigord-aventure-loisirs-540x125px.png\",\"width\":540,\"height\":125,\"caption\":\"P\u00e9rigord Aventure Loisirs\"},\"image\":{\"@id\":\"https:\\\/\\\/www.perigordaventureloisirs.com\\\/#\\\/schema\\\/logo\\\/image\\\/\"}}]}<\/script>\n<!-- \/ Yoast SEO plugin. -->","yoast_head_json":{"title":"Formule sp\u00e9ciale week-end pour descendre la Dordogne en cano\u00eb","description":"D\u00e9couvrez la Dordogne en cano\u00eb le temps d'un week-end avec P\u00e9rigord Aventure et Loisirs. Circuits de descente en cano\u00ebs ou kayaks sauvages et touristiques.","robots":{"index":"index","follow":"follow","max-snippet":"max-snippet:-1","max-image-preview":"max-image-preview:large","max-video-preview":"max-video-preview:-1"},"canonical":"https:\/\/www.perigordaventureloisirs.com\/en\/special-weekend-canoe-package-dordogne\/","og_locale":"en_US","og_type":"article","og_title":"Formule sp\u00e9ciale week-end pour descendre la Dordogne en cano\u00eb","og_description":"D\u00e9couvrez la Dordogne en cano\u00eb le temps d'un week-end avec P\u00e9rigord Aventure et Loisirs. Circuits de descente en cano\u00ebs ou kayaks sauvages et touristiques.","og_url":"https:\/\/www.perigordaventureloisirs.com\/en\/special-weekend-canoe-package-dordogne\/","og_site_name":"P\u00e9rigord Aventure et Loisirs","article_modified_time":"2024-05-24T11:20:22+00:00","og_image":[{"url":"https:\/\/www.perigordaventureloisirs.com\/wp-content\/uploads\/2019\/06\/parcours-4.gif","type":"","width":"","height":""}],"twitter_card":"summary_large_image","twitter_misc":{"Est. reading time":"4 minutes"},"schema":{"@context":"https:\/\/schema.org","@graph":[{"@type":"WebPage","@id":"https:\/\/www.perigordaventureloisirs.com\/en\/special-weekend-canoe-package-dordogne\/","url":"https:\/\/www.perigordaventureloisirs.com\/en\/special-weekend-canoe-package-dordogne\/","name":"Formule sp\u00e9ciale week-end pour descendre la Dordogne en cano\u00eb","isPartOf":{"@id":"https:\/\/www.perigordaventureloisirs.com\/#website"},"primaryImageOfPage":{"@id":"https:\/\/www.perigordaventureloisirs.com\/en\/special-weekend-canoe-package-dordogne\/#primaryimage"},"image":{"@id":"https:\/\/www.perigordaventureloisirs.com\/en\/special-weekend-canoe-package-dordogne\/#primaryimage"},"thumbnailUrl":"https:\/\/www.perigordaventureloisirs.com\/wp-content\/uploads\/2019\/06\/parcours-4.gif","datePublished":"2019-06-11T14:18:48+00:00","dateModified":"2024-05-24T11:20:22+00:00","description":"D\u00e9couvrez la Dordogne en cano\u00eb le temps d'un week-end avec P\u00e9rigord Aventure et Loisirs. Circuits de descente en cano\u00ebs ou kayaks sauvages et touristiques.","breadcrumb":{"@id":"https:\/\/www.perigordaventureloisirs.com\/en\/special-weekend-canoe-package-dordogne\/#breadcrumb"},"inLanguage":"en-US","potentialAction":[{"@type":"ReadAction","target":["https:\/\/www.perigordaventureloisirs.com\/en\/special-weekend-canoe-package-dordogne\/"]}]},{"@type":"ImageObject","inLanguage":"en-US","@id":"https:\/\/www.perigordaventureloisirs.com\/en\/special-weekend-canoe-package-dordogne\/#primaryimage","url":"https:\/\/www.perigordaventureloisirs.com\/wp-content\/uploads\/2019\/06\/parcours-4.gif","contentUrl":"https:\/\/www.perigordaventureloisirs.com\/wp-content\/uploads\/2019\/06\/parcours-4.gif"},{"@type":"BreadcrumbList","@id":"https:\/\/www.perigordaventureloisirs.com\/en\/special-weekend-canoe-package-dordogne\/#breadcrumb","itemListElement":[{"@type":"ListItem","position":1,"name":"Accueil","item":"https:\/\/www.perigordaventureloisirs.com\/en\/"},{"@type":"ListItem","position":2,"name":"Special weekend canoe package"}]},{"@type":"WebSite","@id":"https:\/\/www.perigordaventureloisirs.com\/#website","url":"https:\/\/www.perigordaventureloisirs.com\/","name":"P\u00e9rigord Aventure et Loisirs","description":"Location Cano\u00eb Kayak sur la Dordogne","publisher":{"@id":"https:\/\/www.perigordaventureloisirs.com\/#organization"},"potentialAction":[{"@type":"SearchAction","target":{"@type":"EntryPoint","urlTemplate":"https:\/\/www.perigordaventureloisirs.com\/?s={search_term_string}"},"query-input":{"@type":"PropertyValueSpecification","valueRequired":true,"valueName":"search_term_string"}}],"inLanguage":"en-US"},{"@type":"Organization","@id":"https:\/\/www.perigordaventureloisirs.com\/#organization","name":"P\u00e9rigord Aventure Loisirs","url":"https:\/\/www.perigordaventureloisirs.com\/","logo":{"@type":"ImageObject","inLanguage":"en-US","@id":"https:\/\/www.perigordaventureloisirs.com\/#\/schema\/logo\/image\/","url":"https:\/\/www.perigordaventureloisirs.com\/wp-content\/uploads\/2019\/06\/logo-perigord-aventure-loisirs-540x125px.png","contentUrl":"https:\/\/www.perigordaventureloisirs.com\/wp-content\/uploads\/2019\/06\/logo-perigord-aventure-loisirs-540x125px.png","width":540,"height":125,"caption":"P\u00e9rigord Aventure Loisirs"},"image":{"@id":"https:\/\/www.perigordaventureloisirs.com\/#\/schema\/logo\/image\/"}}]}},"_links":{"self":[{"href":"https:\/\/www.perigordaventureloisirs.com\/en\/wp-json\/wp\/v2\/pages\/3927","targetHints":{"allow":["GET"]}}],"collection":[{"href":"https:\/\/www.perigordaventureloisirs.com\/en\/wp-json\/wp\/v2\/pages"}],"about":[{"href":"https:\/\/www.perigordaventureloisirs.com\/en\/wp-json\/wp\/v2\/types\/page"}],"author":[{"embeddable":true,"href":"https:\/\/www.perigordaventureloisirs.com\/en\/wp-json\/wp\/v2\/users\/1"}],"replies":[{"embeddable":true,"href":"https:\/\/www.perigordaventureloisirs.com\/en\/wp-json\/wp\/v2\/comments?post=3927"}],"version-history":[{"count":0,"href":"https:\/\/www.perigordaventureloisirs.com\/en\/wp-json\/wp\/v2\/pages\/3927\/revisions"}],"wp:attachment":[{"href":"https:\/\/www.perigordaventureloisirs.com\/en\/wp-json\/wp\/v2\/media?parent=3927"}],"curies":[{"name":"wp","href":"https:\/\/api.w.org\/{rel}","templated":true}]}}