{"id":3932,"date":"2019-06-11T17:55:04","date_gmt":"2019-06-11T15:55:04","guid":{"rendered":"https:\/\/www.perigordaventureloisirs.com\/randonnees-canoe-plusieurs-jours-dordogne\/"},"modified":"2023-06-21T15:55:50","modified_gmt":"2023-06-21T13:55:50","slug":"randonnees-canoe-plusieurs-jours-dordogne","status":"publish","type":"page","link":"https:\/\/www.perigordaventureloisirs.com\/en\/randonnees-canoe-plusieurs-jours-dordogne\/","title":{"rendered":"Multi-day canoe trips"},"content":{"rendered":"\n<style type=\"text\/css\" data-created_by=\"avia_inline_auto\" id=\"style-css-av-2rs4b0-f57ea6c2193aaed3e0d64243700cf870\">\n#top .av-special-heading.av-2rs4b0-f57ea6c2193aaed3e0d64243700cf870{\npadding-bottom:10px;\nfont-size:40px;\n}\nbody .av-special-heading.av-2rs4b0-f57ea6c2193aaed3e0d64243700cf870 .av-special-heading-tag .heading-char{\nfont-size:25px;\n}\n#top #wrap_all .av-special-heading.av-2rs4b0-f57ea6c2193aaed3e0d64243700cf870 .av-special-heading-tag{\nfont-size:40px;\n}\n.av-special-heading.av-2rs4b0-f57ea6c2193aaed3e0d64243700cf870 .av-subheading{\nfont-size:15px;\n}\n\n@media only screen and (min-width: 480px) and (max-width: 767px){ \n#top #wrap_all .av-special-heading.av-2rs4b0-f57ea6c2193aaed3e0d64243700cf870 .av-special-heading-tag{\nfont-size:0.8em;\n}\n}\n\n@media only screen and (max-width: 479px){ \n#top #wrap_all .av-special-heading.av-2rs4b0-f57ea6c2193aaed3e0d64243700cf870 .av-special-heading-tag{\nfont-size:0.8em;\n}\n}\n<\/style>\n<div  class='av-special-heading av-2rs4b0-f57ea6c2193aaed3e0d64243700cf870 av-special-heading-h1 blockquote modern-quote  avia-builder-el-0  el_before_av_one_full  avia-builder-el-first  av-inherit-size'><h1 class='av-special-heading-tag '  itemprop=\"headline\"  >Multi-day canoe trips on the Dordogne<\/h1><div class=\"special-heading-border\"><div class=\"special-heading-inner-border\"><\/div><\/div><\/div>\n\n<style type=\"text\/css\" data-created_by=\"avia_inline_auto\" id=\"style-css-av-jwroem72-9b36ada18258329433336fc2eb1fdd76\">\n.flex_column.av-jwroem72-9b36ada18258329433336fc2eb1fdd76{\nborder-radius:0px 0px 0px 0px;\npadding:20px 20px 20px 20px;\nbackground-color:#ebebeb;\n}\n<\/style>\n<div  class='flex_column av-jwroem72-9b36ada18258329433336fc2eb1fdd76 av_one_full  avia-builder-el-1  el_after_av_heading  el_before_av_one_full  first flex_column_div av-animated-generic pop-up  '     ><p>\n<style type=\"text\/css\" data-created_by=\"avia_inline_auto\" id=\"style-css-av-jwruivx5-0e831a706052d69746a657e4cf90a9d5\">\n.avia-image-container.av-jwruivx5-0e831a706052d69746a657e4cf90a9d5 img.avia_image{\nbox-shadow:none;\n}\n.avia-image-container.av-jwruivx5-0e831a706052d69746a657e4cf90a9d5 .av-image-caption-overlay-center{\ncolor:#ffffff;\n}\n<\/style>\n<div  class='avia-image-container av-jwruivx5-0e831a706052d69746a657e4cf90a9d5 av-styling- avia-align-center  avia-builder-el-2  el_before_av_icon_box  avia-builder-el-first '   itemprop=\"image\" itemscope=\"itemscope\" itemtype=\"https:\/\/schema.org\/ImageObject\" ><div class=\"avia-image-container-inner\"><div class=\"avia-image-overlay-wrap\"><img decoding=\"async\" fetchpriority=\"high\" class='wp-image-3933 avia-img-lazy-loading-not-3933 avia_image ' src=\"https:\/\/www.perigordaventureloisirs.com\/wp-content\/uploads\/2019\/06\/rando.jpg\" alt='' title='Randonn\u00e9es sur plusieurs jours en cano\u00eb sur la Dordogne'  height=\"521\" width=\"900\"  itemprop=\"thumbnailUrl\" srcset=\"https:\/\/www.perigordaventureloisirs.com\/wp-content\/uploads\/2019\/06\/rando.jpg 900w, https:\/\/www.perigordaventureloisirs.com\/wp-content\/uploads\/2019\/06\/rando-300x174.jpg 300w, https:\/\/www.perigordaventureloisirs.com\/wp-content\/uploads\/2019\/06\/rando-768x445.jpg 768w, https:\/\/www.perigordaventureloisirs.com\/wp-content\/uploads\/2019\/06\/rando-705x408.jpg 705w, https:\/\/www.perigordaventureloisirs.com\/wp-content\/uploads\/2019\/06\/rando-450x261.jpg 450w\" sizes=\"(max-width: 900px) 100vw, 900px\" \/><\/div><\/div><\/div><br \/>\n\n<style type=\"text\/css\" data-created_by=\"avia_inline_auto\" id=\"style-css-av-jwro2l5y-e1da9fe0cd920cf25dfe86b3f3d8168f\">\n.iconbox.av-jwro2l5y-e1da9fe0cd920cf25dfe86b3f3d8168f .iconbox_icon{\nbackground-color:#e2001a;\nborder:1px solid #e2001a;\ncolor:#ffffff;\n}\n.iconbox.av-jwro2l5y-e1da9fe0cd920cf25dfe86b3f3d8168f .iconbox_icon.avia-svg-icon svg:first-child{\nfill:#ffffff;\nstroke:#ffffff;\n}\n#top #wrap_all .iconbox.av-jwro2l5y-e1da9fe0cd920cf25dfe86b3f3d8168f .iconbox_content_title{\ncolor:#009036;\n}\n<\/style>\n<article  class='iconbox iconbox_left_content av-jwro2l5y-e1da9fe0cd920cf25dfe86b3f3d8168f  avia-builder-el-3  el_after_av_image  avia-builder-el-last '  itemscope=\"itemscope\" itemtype=\"https:\/\/schema.org\/CreativeWork\" ><div class='iconbox_icon heading-color avia-iconfont avia-font-entypo-fontello' data-av_icon='\ue81e' data-av_iconfont='entypo-fontello'  ><\/div><div class=\"iconbox_content\"><header class=\"entry-content-header\" aria-label=\"Icon: Information-Booking:\"><h3 class='iconbox_content_title '  itemprop=\"headline\" >Information-Booking:<\/h3><\/header><div class='iconbox_content_container '  itemprop=\"text\" ><h2><span style=\"color: #e2001a;\"><a href=\"tel:+33553282382\">+33 (0)553 282 382<\/a> or <a href=\"tel:+33683273006\">+33 (0)683 273 006<\/a><\/span><\/h2>\n<\/div><\/div><footer class=\"entry-footer\"><\/footer><\/article><\/p><\/div>\n\n<style type=\"text\/css\" data-created_by=\"avia_inline_auto\" id=\"style-css-av-1y7xob-de0d5d905fa2e4a04b5f6f45bd8baf92\">\n.flex_column.av-1y7xob-de0d5d905fa2e4a04b5f6f45bd8baf92{\nborder-radius:0px 0px 0px 0px;\npadding:0px 0px 0px 0px;\n}\n<\/style>\n<div  class='flex_column av-1y7xob-de0d5d905fa2e4a04b5f6f45bd8baf92 av_one_full  avia-builder-el-4  el_after_av_one_full  avia-builder-el-last  first flex_column_div av-zero-column-padding  column-top-margin'     ><section  class='av_textblock_section av-jwrui2a6-f35c9cd1504945c18d514592ba8a4541 '   itemscope=\"itemscope\" itemtype=\"https:\/\/schema.org\/CreativeWork\" ><div class='avia_textblock'  itemprop=\"text\" ><p>Departure by bus from Vitrac <a href=\"https:\/\/goo.gl\/maps\/uPeXBcscKNJHgMfy6\" target=\"_blank\" rel=\"noopener\">(Access map to Vitrac&#8230;)<\/a>, to the launch point, depending on the number of days chosen.<br \/>\nThe canoe routes are between Argentat and Beynac.<br \/>\nThe bivouacs are your choice, for that ask us for the map of the Dordogne river.<\/p>\n<h3>Prices for canoe trips on the Dordogne over several days<\/h3>\n\n<table id=\"tablepress-2\" class=\"tablepress tablepress-id-2\">\n<thead>\n<tr class=\"row-1\">\n\t<th class=\"column-1\">Number of suggested days boarding<\/th><th class=\"column-2\">Boarding point<\/th><th class=\"column-3\">Point total arrival <\/th><th class=\"column-4\">Point approximately<\/th><th class=\"column-5\">Price per person in canoe*<\/th><th class=\"column-6\">Price per person in kayak*<\/th>\n<\/tr>\n<\/thead>\n<tbody class=\"row-striping\">\n<tr class=\"row-2\">\n\t<td class=\"column-1\">2<\/td><td class=\"column-2\">Saint-Julien de Lampon<\/td><td class=\"column-3\">Beynac<\/td><td class=\"column-4\">32 km<\/td><td class=\"column-5\">45 \u20ac<\/td><td class=\"column-6\">50 \u20ac<\/td>\n<\/tr>\n<tr class=\"row-3\">\n\t<td class=\"column-1\">3<\/td><td class=\"column-2\">Souillac<\/td><td class=\"column-3\">Beynac<\/td><td class=\"column-4\">44 km<\/td><td class=\"column-5\">70 \u20ac<\/td><td class=\"column-6\">75 \u20ac<\/td>\n<\/tr>\n<tr class=\"row-4\">\n\t<td class=\"column-1\">4<\/td><td class=\"column-2\">Meyronne<\/td><td class=\"column-3\">Beynac<\/td><td class=\"column-4\">57 km<\/td><td class=\"column-5\">90 \u20ac<\/td><td class=\"column-6\">95 \u20ac<\/td>\n<\/tr>\n<tr class=\"row-5\">\n\t<td class=\"column-1\">5<\/td><td class=\"column-2\">Carennac<\/td><td class=\"column-3\">Beynac<\/td><td class=\"column-4\">80 km<\/td><td class=\"column-5\">110 \u20ac<\/td><td class=\"column-6\">115 \u20ac<\/td>\n<\/tr>\n<tr class=\"row-6\">\n\t<td class=\"column-1\">6<\/td><td class=\"column-2\">Beaulieu<\/td><td class=\"column-3\">Beynac<\/td><td class=\"column-4\">100 km<\/td><td class=\"column-5\">135 \u20ac<\/td><td class=\"column-6\">140 \u20ac<\/td>\n<\/tr>\n<tr class=\"row-7\">\n\t<td class=\"column-1\">7<\/td><td class=\"column-2\">Argentat<\/td><td class=\"column-3\">Beynac<\/td><td class=\"column-4\">127 km<\/td><td class=\"column-5\">155 \u20ac<\/td><td class=\"column-6\">160 \u20ac<\/td>\n<\/tr>\n<\/tbody>\n<\/table>\n\n<p><strong>*These rates are based on the boarding point, not the number of days.<\/strong><br \/>\nThey include: navigation equipment, buoyancy aid, water bottles, liability insurance, bus transportation.<br \/>\n<em>No discount on these offers.<\/em><\/p>\n<p><strong>Luggage transport:<\/strong> 15 \u20ac\/pers.\/stage<\/p>\n<p><strong>Taxi formula:<\/strong> Transfer accommodation\/departure canoe and arrival canoe\/accommodation: 75 \u20ac\/day<\/p>\n<p><strong>The meeting point is at our base in Vitrac Port.<\/strong> Car parking.<br \/>\nA bus will take you to the starting point,<br \/>\nArrival in Beynac, a shuttle will bring you back to Vitrac.<\/p>\n<p><strong>Reservation: 3 days before.<\/strong><br \/>\n<div  class='avia-button-wrap av-fhpty5-6cee35f66a6427e922b41582c3826914-wrap avia-button-center  avia-builder-el-6  el_before_av_button  avia-builder-el-first '>\n<style type=\"text\/css\" data-created_by=\"avia_inline_auto\" id=\"style-css-av-fhpty5-6cee35f66a6427e922b41582c3826914\">\n#top #wrap_all .avia-button.av-fhpty5-6cee35f66a6427e922b41582c3826914{\nbackground-color:#009037;;\nborder-color:#009037;;\ncolor:#ffffff;\ntransition:all 0.4s ease-in-out;\n}\n#top #wrap_all .avia-button.av-fhpty5-6cee35f66a6427e922b41582c3826914 .avia-svg-icon svg:first-child{\nfill:#ffffff;\nstroke:#ffffff;\n}\n<\/style>\n<a href='https:\/\/www.perigordaventureloisirs.com\/en\/general-questions-renting-canoe-dordogne'  class='avia-button av-fhpty5-6cee35f66a6427e922b41582c3826914 av-link-btn avia-icon_select-yes-left-icon avia-size-large avia-position-center'   aria-label=\"Pratical info\"><span class='avia_button_icon avia_button_icon_left avia-iconfont avia-font-entypo-fontello' data-av_icon='\ue832' data-av_iconfont='entypo-fontello' ><\/span><span class='avia_iconbox_title' >Pratical info<\/span><\/a><\/div> <div  class='avia-button-wrap av-fhpty5-10-5cae52bb0fcd353b6d3936b4b8d978d4-wrap avia-button-center  avia-builder-el-7  el_after_av_button  avia-builder-el-last '>\n<style type=\"text\/css\" data-created_by=\"avia_inline_auto\" id=\"style-css-av-fhpty5-10-5cae52bb0fcd353b6d3936b4b8d978d4\">\n#top #wrap_all .avia-button.av-fhpty5-10-5cae52bb0fcd353b6d3936b4b8d978d4{\nbackground-color:#e2001a;\nborder-color:#e2001a;\ncolor:#ffffff;\ntransition:all 0.4s ease-in-out;\n}\n#top #wrap_all .avia-button.av-fhpty5-10-5cae52bb0fcd353b6d3936b4b8d978d4 .avia-svg-icon svg:first-child{\nfill:#ffffff;\nstroke:#ffffff;\n}\n<\/style>\n<a href='https:\/\/reservations.perigordaventureloisirs.com\/activite\/randonnee-trek-canoe-kayak'  class='avia-button av-fhpty5-10-5cae52bb0fcd353b6d3936b4b8d978d4 av-link-btn avia-icon_select-yes-left-icon avia-size-large avia-position-center'  target=\"_blank\"  rel=\"noopener noreferrer\"  aria-label=\"Booking\"><span class='avia_button_icon avia_button_icon_left avia-iconfont avia-font-entypo-fontello' data-av_icon='\ue832' data-av_iconfont='entypo-fontello' ><\/span><span class='avia_iconbox_title' >Booking<\/span><\/a><\/div><\/p>\n<\/div><\/section><\/div>\n","protected":false},"excerpt":{"rendered":"","protected":false},"author":1,"featured_media":0,"parent":0,"menu_order":0,"comment_status":"closed","ping_status":"closed","template":"","meta":{"footnotes":""},"class_list":["post-3932","page","type-page","status-publish","hentry"],"yoast_head":"<!-- This site is optimized with the Yoast SEO plugin v27.5 - https:\/\/yoast.com\/product\/yoast-seo-wordpress\/ -->\n<title>Randonn\u00e9es de plusieurs jours en cano\u00eb sur la Dordogne<\/title>\n<meta name=\"description\" content=\"Partez en randonn\u00e9e sur la Dordogne pour un parcours de pluseurs jours entre Argentat et Beynac avec bivouacs avec P\u00e9rigord Aventure et Loisirs\" \/>\n<meta name=\"robots\" content=\"index, follow, max-snippet:-1, max-image-preview:large, max-video-preview:-1\" \/>\n<link rel=\"canonical\" href=\"https:\/\/www.perigordaventureloisirs.com\/en\/randonnees-canoe-plusieurs-jours-dordogne\/\" \/>\n<meta property=\"og:locale\" content=\"en_US\" \/>\n<meta property=\"og:type\" content=\"article\" \/>\n<meta property=\"og:title\" content=\"Randonn\u00e9es de plusieurs jours en cano\u00eb sur la Dordogne\" \/>\n<meta property=\"og:description\" content=\"Partez en randonn\u00e9e sur la Dordogne pour un parcours de pluseurs jours entre Argentat et Beynac avec bivouacs avec P\u00e9rigord Aventure et Loisirs\" \/>\n<meta property=\"og:url\" content=\"https:\/\/www.perigordaventureloisirs.com\/en\/randonnees-canoe-plusieurs-jours-dordogne\/\" \/>\n<meta property=\"og:site_name\" content=\"P\u00e9rigord Aventure et Loisirs\" \/>\n<meta property=\"article:modified_time\" content=\"2023-06-21T13:55:50+00:00\" \/>\n<meta name=\"twitter:card\" content=\"summary_large_image\" \/>\n<meta name=\"twitter:label1\" content=\"Est. reading time\" \/>\n\t<meta name=\"twitter:data1\" content=\"2 minutes\" \/>\n<script type=\"application\/ld+json\" class=\"yoast-schema-graph\">{\"@context\":\"https:\\\/\\\/schema.org\",\"@graph\":[{\"@type\":\"WebPage\",\"@id\":\"https:\\\/\\\/www.perigordaventureloisirs.com\\\/en\\\/randonnees-canoe-plusieurs-jours-dordogne\\\/\",\"url\":\"https:\\\/\\\/www.perigordaventureloisirs.com\\\/en\\\/randonnees-canoe-plusieurs-jours-dordogne\\\/\",\"name\":\"Randonn\u00e9es de plusieurs jours en cano\u00eb sur la Dordogne\",\"isPartOf\":{\"@id\":\"https:\\\/\\\/www.perigordaventureloisirs.com\\\/#website\"},\"datePublished\":\"2019-06-11T15:55:04+00:00\",\"dateModified\":\"2023-06-21T13:55:50+00:00\",\"description\":\"Partez en randonn\u00e9e sur la Dordogne pour un parcours de pluseurs jours entre Argentat et Beynac avec bivouacs avec P\u00e9rigord Aventure et Loisirs\",\"breadcrumb\":{\"@id\":\"https:\\\/\\\/www.perigordaventureloisirs.com\\\/en\\\/randonnees-canoe-plusieurs-jours-dordogne\\\/#breadcrumb\"},\"inLanguage\":\"en-US\",\"potentialAction\":[{\"@type\":\"ReadAction\",\"target\":[\"https:\\\/\\\/www.perigordaventureloisirs.com\\\/en\\\/randonnees-canoe-plusieurs-jours-dordogne\\\/\"]}]},{\"@type\":\"BreadcrumbList\",\"@id\":\"https:\\\/\\\/www.perigordaventureloisirs.com\\\/en\\\/randonnees-canoe-plusieurs-jours-dordogne\\\/#breadcrumb\",\"itemListElement\":[{\"@type\":\"ListItem\",\"position\":1,\"name\":\"Accueil\",\"item\":\"https:\\\/\\\/www.perigordaventureloisirs.com\\\/en\\\/\"},{\"@type\":\"ListItem\",\"position\":2,\"name\":\"Multi-day canoe trips\"}]},{\"@type\":\"WebSite\",\"@id\":\"https:\\\/\\\/www.perigordaventureloisirs.com\\\/#website\",\"url\":\"https:\\\/\\\/www.perigordaventureloisirs.com\\\/\",\"name\":\"P\u00e9rigord Aventure et Loisirs\",\"description\":\"Location Cano\u00eb Kayak sur la Dordogne\",\"publisher\":{\"@id\":\"https:\\\/\\\/www.perigordaventureloisirs.com\\\/#organization\"},\"potentialAction\":[{\"@type\":\"SearchAction\",\"target\":{\"@type\":\"EntryPoint\",\"urlTemplate\":\"https:\\\/\\\/www.perigordaventureloisirs.com\\\/?s={search_term_string}\"},\"query-input\":{\"@type\":\"PropertyValueSpecification\",\"valueRequired\":true,\"valueName\":\"search_term_string\"}}],\"inLanguage\":\"en-US\"},{\"@type\":\"Organization\",\"@id\":\"https:\\\/\\\/www.perigordaventureloisirs.com\\\/#organization\",\"name\":\"P\u00e9rigord Aventure Loisirs\",\"url\":\"https:\\\/\\\/www.perigordaventureloisirs.com\\\/\",\"logo\":{\"@type\":\"ImageObject\",\"inLanguage\":\"en-US\",\"@id\":\"https:\\\/\\\/www.perigordaventureloisirs.com\\\/#\\\/schema\\\/logo\\\/image\\\/\",\"url\":\"https:\\\/\\\/www.perigordaventureloisirs.com\\\/wp-content\\\/uploads\\\/2019\\\/06\\\/logo-perigord-aventure-loisirs-540x125px.png\",\"contentUrl\":\"https:\\\/\\\/www.perigordaventureloisirs.com\\\/wp-content\\\/uploads\\\/2019\\\/06\\\/logo-perigord-aventure-loisirs-540x125px.png\",\"width\":540,\"height\":125,\"caption\":\"P\u00e9rigord Aventure Loisirs\"},\"image\":{\"@id\":\"https:\\\/\\\/www.perigordaventureloisirs.com\\\/#\\\/schema\\\/logo\\\/image\\\/\"}}]}<\/script>\n<!-- \/ Yoast SEO plugin. -->","yoast_head_json":{"title":"Randonn\u00e9es de plusieurs jours en cano\u00eb sur la Dordogne","description":"Partez en randonn\u00e9e sur la Dordogne pour un parcours de pluseurs jours entre Argentat et Beynac avec bivouacs avec P\u00e9rigord Aventure et Loisirs","robots":{"index":"index","follow":"follow","max-snippet":"max-snippet:-1","max-image-preview":"max-image-preview:large","max-video-preview":"max-video-preview:-1"},"canonical":"https:\/\/www.perigordaventureloisirs.com\/en\/randonnees-canoe-plusieurs-jours-dordogne\/","og_locale":"en_US","og_type":"article","og_title":"Randonn\u00e9es de plusieurs jours en cano\u00eb sur la Dordogne","og_description":"Partez en randonn\u00e9e sur la Dordogne pour un parcours de pluseurs jours entre Argentat et Beynac avec bivouacs avec P\u00e9rigord Aventure et Loisirs","og_url":"https:\/\/www.perigordaventureloisirs.com\/en\/randonnees-canoe-plusieurs-jours-dordogne\/","og_site_name":"P\u00e9rigord Aventure et Loisirs","article_modified_time":"2023-06-21T13:55:50+00:00","twitter_card":"summary_large_image","twitter_misc":{"Est. reading time":"2 minutes"},"schema":{"@context":"https:\/\/schema.org","@graph":[{"@type":"WebPage","@id":"https:\/\/www.perigordaventureloisirs.com\/en\/randonnees-canoe-plusieurs-jours-dordogne\/","url":"https:\/\/www.perigordaventureloisirs.com\/en\/randonnees-canoe-plusieurs-jours-dordogne\/","name":"Randonn\u00e9es de plusieurs jours en cano\u00eb sur la Dordogne","isPartOf":{"@id":"https:\/\/www.perigordaventureloisirs.com\/#website"},"datePublished":"2019-06-11T15:55:04+00:00","dateModified":"2023-06-21T13:55:50+00:00","description":"Partez en randonn\u00e9e sur la Dordogne pour un parcours de pluseurs jours entre Argentat et Beynac avec bivouacs avec P\u00e9rigord Aventure et Loisirs","breadcrumb":{"@id":"https:\/\/www.perigordaventureloisirs.com\/en\/randonnees-canoe-plusieurs-jours-dordogne\/#breadcrumb"},"inLanguage":"en-US","potentialAction":[{"@type":"ReadAction","target":["https:\/\/www.perigordaventureloisirs.com\/en\/randonnees-canoe-plusieurs-jours-dordogne\/"]}]},{"@type":"BreadcrumbList","@id":"https:\/\/www.perigordaventureloisirs.com\/en\/randonnees-canoe-plusieurs-jours-dordogne\/#breadcrumb","itemListElement":[{"@type":"ListItem","position":1,"name":"Accueil","item":"https:\/\/www.perigordaventureloisirs.com\/en\/"},{"@type":"ListItem","position":2,"name":"Multi-day canoe trips"}]},{"@type":"WebSite","@id":"https:\/\/www.perigordaventureloisirs.com\/#website","url":"https:\/\/www.perigordaventureloisirs.com\/","name":"P\u00e9rigord Aventure et Loisirs","description":"Location Cano\u00eb Kayak sur la Dordogne","publisher":{"@id":"https:\/\/www.perigordaventureloisirs.com\/#organization"},"potentialAction":[{"@type":"SearchAction","target":{"@type":"EntryPoint","urlTemplate":"https:\/\/www.perigordaventureloisirs.com\/?s={search_term_string}"},"query-input":{"@type":"PropertyValueSpecification","valueRequired":true,"valueName":"search_term_string"}}],"inLanguage":"en-US"},{"@type":"Organization","@id":"https:\/\/www.perigordaventureloisirs.com\/#organization","name":"P\u00e9rigord Aventure Loisirs","url":"https:\/\/www.perigordaventureloisirs.com\/","logo":{"@type":"ImageObject","inLanguage":"en-US","@id":"https:\/\/www.perigordaventureloisirs.com\/#\/schema\/logo\/image\/","url":"https:\/\/www.perigordaventureloisirs.com\/wp-content\/uploads\/2019\/06\/logo-perigord-aventure-loisirs-540x125px.png","contentUrl":"https:\/\/www.perigordaventureloisirs.com\/wp-content\/uploads\/2019\/06\/logo-perigord-aventure-loisirs-540x125px.png","width":540,"height":125,"caption":"P\u00e9rigord Aventure Loisirs"},"image":{"@id":"https:\/\/www.perigordaventureloisirs.com\/#\/schema\/logo\/image\/"}}]}},"_links":{"self":[{"href":"https:\/\/www.perigordaventureloisirs.com\/en\/wp-json\/wp\/v2\/pages\/3932","targetHints":{"allow":["GET"]}}],"collection":[{"href":"https:\/\/www.perigordaventureloisirs.com\/en\/wp-json\/wp\/v2\/pages"}],"about":[{"href":"https:\/\/www.perigordaventureloisirs.com\/en\/wp-json\/wp\/v2\/types\/page"}],"author":[{"embeddable":true,"href":"https:\/\/www.perigordaventureloisirs.com\/en\/wp-json\/wp\/v2\/users\/1"}],"replies":[{"embeddable":true,"href":"https:\/\/www.perigordaventureloisirs.com\/en\/wp-json\/wp\/v2\/comments?post=3932"}],"version-history":[{"count":0,"href":"https:\/\/www.perigordaventureloisirs.com\/en\/wp-json\/wp\/v2\/pages\/3932\/revisions"}],"wp:attachment":[{"href":"https:\/\/www.perigordaventureloisirs.com\/en\/wp-json\/wp\/v2\/media?parent=3932"}],"curies":[{"name":"wp","href":"https:\/\/api.w.org\/{rel}","templated":true}]}}