{"id":3981,"date":"2019-06-14T16:18:42","date_gmt":"2019-06-14T14:18:42","guid":{"rendered":"https:\/\/www.perigordaventureloisirs.com\/galerie-videos-canoe-dordogne\/"},"modified":"2020-02-20T11:23:15","modified_gmt":"2020-02-20T10:23:15","slug":"video-gallery-canoe-dordogne","status":"publish","type":"page","link":"https:\/\/www.perigordaventureloisirs.com\/en\/video-gallery-canoe-dordogne\/","title":{"rendered":"Video gallery"},"content":{"rendered":"\n<style type=\"text\/css\" data-created_by=\"avia_inline_auto\" id=\"style-css-av-av_heading-ac3e9aec4dea98b1ff3f7fa52ff27c18\">\n#top .av-special-heading.av-av_heading-ac3e9aec4dea98b1ff3f7fa52ff27c18{\npadding-bottom:10px;\nfont-size:40px;\n}\nbody .av-special-heading.av-av_heading-ac3e9aec4dea98b1ff3f7fa52ff27c18 .av-special-heading-tag .heading-char{\nfont-size:25px;\n}\n#top #wrap_all .av-special-heading.av-av_heading-ac3e9aec4dea98b1ff3f7fa52ff27c18 .av-special-heading-tag{\nfont-size:40px;\n}\n.av-special-heading.av-av_heading-ac3e9aec4dea98b1ff3f7fa52ff27c18 .av-subheading{\nfont-size:15px;\n}\n\n@media only screen and (min-width: 480px) and (max-width: 767px){ \n#top #wrap_all .av-special-heading.av-av_heading-ac3e9aec4dea98b1ff3f7fa52ff27c18 .av-special-heading-tag{\nfont-size:0.8em;\n}\n}\n\n@media only screen and (max-width: 479px){ \n#top #wrap_all .av-special-heading.av-av_heading-ac3e9aec4dea98b1ff3f7fa52ff27c18 .av-special-heading-tag{\nfont-size:0.8em;\n}\n}\n<\/style>\n<div  class='av-special-heading av-av_heading-ac3e9aec4dea98b1ff3f7fa52ff27c18 av-special-heading-h2 blockquote modern-quote  avia-builder-el-0  el_before_av_one_full  avia-builder-el-first  av-inherit-size'><h2 class='av-special-heading-tag '  itemprop=\"headline\"  >Video gallery<\/h2><div class=\"special-heading-border\"><div class=\"special-heading-inner-border\"><\/div><\/div><\/div>\n\n<style type=\"text\/css\" data-created_by=\"avia_inline_auto\" id=\"style-css-av-1y7xob-de0d5d905fa2e4a04b5f6f45bd8baf92\">\n.flex_column.av-1y7xob-de0d5d905fa2e4a04b5f6f45bd8baf92{\nborder-radius:0px 0px 0px 0px;\npadding:0px 0px 0px 0px;\n}\n<\/style>\n<div  class='flex_column av-1y7xob-de0d5d905fa2e4a04b5f6f45bd8baf92 av_one_full  avia-builder-el-1  el_after_av_heading  avia-builder-el-last  first flex_column_div av-zero-column-padding  '     ><p>\n<style type=\"text\/css\" data-created_by=\"avia_inline_auto\" id=\"style-css-av-k6ulh8u4-8a09ffce2c2b87f8dffeed979bdb23a7\">\n#top .av-special-heading.av-k6ulh8u4-8a09ffce2c2b87f8dffeed979bdb23a7{\npadding-bottom:10px;\n}\nbody .av-special-heading.av-k6ulh8u4-8a09ffce2c2b87f8dffeed979bdb23a7 .av-special-heading-tag .heading-char{\nfont-size:25px;\n}\n.av-special-heading.av-k6ulh8u4-8a09ffce2c2b87f8dffeed979bdb23a7 .av-subheading{\nfont-size:15px;\n}\n<\/style>\n<div  class='av-special-heading av-k6ulh8u4-8a09ffce2c2b87f8dffeed979bdb23a7 av-special-heading-h3  avia-builder-el-2  el_before_av_video  avia-builder-el-first '><h3 class='av-special-heading-tag '  itemprop=\"headline\"  >P\u00e9rigord Aventure Loisirs &#8211; General video presentation<\/h3><div class=\"special-heading-border\"><div class=\"special-heading-inner-border\"><\/div><\/div><\/div><br \/>\n<div  class='avia-video av-jww6kgo4-c12b571083d9bc28956f626f1bd8a189 avia-video-16-9 av-no-preview-image avia-video-load-always av-lazyload-immediate av-lazyload-video-embed'  itemprop=\"video\" itemtype=\"https:\/\/schema.org\/VideoObject\"  data-original_url='https:\/\/vimeo.com\/247371157'><script type='text\/html' class='av-video-tmpl'><div class='avia-iframe-wrap'><iframe loading=\"lazy\" title=\"Perigord Aventure Loisirs\" src=\"https:\/\/player.vimeo.com\/video\/247371157?dnt=1&app_id=122963&autoplay=0&loop=0&controls=1&muted=0\" width=\"1500\" height=\"844\" frameborder=\"0\" allow=\"autoplay; fullscreen\" allowfullscreen><\/iframe><\/div><\/script><div class='av-click-to-play-overlay'><div class=\"avia_playpause_icon\"><\/div><\/div><\/div><br \/>\n\n<style type=\"text\/css\" data-created_by=\"avia_inline_auto\" id=\"style-css-av-k6ulhqfu-e9a0713c21b74f8df7336dd57e8ef438\">\n#top .av-special-heading.av-k6ulhqfu-e9a0713c21b74f8df7336dd57e8ef438{\npadding-bottom:10px;\n}\nbody .av-special-heading.av-k6ulhqfu-e9a0713c21b74f8df7336dd57e8ef438 .av-special-heading-tag .heading-char{\nfont-size:25px;\n}\n.av-special-heading.av-k6ulhqfu-e9a0713c21b74f8df7336dd57e8ef438 .av-subheading{\nfont-size:15px;\n}\n<\/style>\n<div  class='av-special-heading av-k6ulhqfu-e9a0713c21b74f8df7336dd57e8ef438 av-special-heading-h3  avia-builder-el-4  el_after_av_video  el_before_av_video '><h3 class='av-special-heading-tag '  itemprop=\"headline\"  >P\u00e9rigord Aventure Loisirs &#8211; Trisport Circuit<\/h3><div class=\"special-heading-border\"><div class=\"special-heading-inner-border\"><\/div><\/div><\/div><br \/>\n<div  class='avia-video av-jww6kgo4-e7594158f1e97c0245cee812e744e9b0 avia-video-16-9 av-no-preview-image avia-video-load-always av-lazyload-immediate av-lazyload-video-embed'  itemprop=\"video\" itemtype=\"https:\/\/schema.org\/VideoObject\"  data-original_url='https:\/\/youtu.be\/rHrpPlqu7B8'><script type='text\/html' class='av-video-tmpl'><div class='avia-iframe-wrap'><iframe loading=\"lazy\" title=\"Circuit Trisport P\u00e9rigord Aventure Loisirs\" width=\"1500\" height=\"844\" src=\"https:\/\/www.youtube.com\/embed\/rHrpPlqu7B8?feature=oembed&autoplay=0&loop=0&controls=1&mute=0\" frameborder=\"0\" allow=\"accelerometer; autoplay; encrypted-media; gyroscope; picture-in-picture\" allowfullscreen><\/iframe><\/div><\/script><div class='av-click-to-play-overlay'><div class=\"avia_playpause_icon\"><\/div><\/div><\/div><br \/>\n\n<style type=\"text\/css\" data-created_by=\"avia_inline_auto\" id=\"style-css-av-k6uli7kw-92a5d71be6b40cd95ed2bbf7b0717c4f\">\n#top .av-special-heading.av-k6uli7kw-92a5d71be6b40cd95ed2bbf7b0717c4f{\npadding-bottom:10px;\n}\nbody .av-special-heading.av-k6uli7kw-92a5d71be6b40cd95ed2bbf7b0717c4f .av-special-heading-tag .heading-char{\nfont-size:25px;\n}\n.av-special-heading.av-k6uli7kw-92a5d71be6b40cd95ed2bbf7b0717c4f .av-subheading{\nfont-size:15px;\n}\n<\/style>\n<div  class='av-special-heading av-k6uli7kw-92a5d71be6b40cd95ed2bbf7b0717c4f av-special-heading-h3  avia-builder-el-6  el_after_av_video  el_before_av_video '><h3 class='av-special-heading-tag '  itemprop=\"headline\"  >A scent from the Cap Sud Ouest Dordogne report produced in collaboration with P\u00e9rigord Aventure Loisirs<\/h3><div class=\"special-heading-border\"><div class=\"special-heading-inner-border\"><\/div><\/div><\/div><br \/>\n<div  class='avia-video av-jww6kgo4-b93edf28c83cf9d2e675bbd4264f3331 avia-video-16-9 av-no-preview-image avia-video-load-always av-lazyload-immediate av-lazyload-video-embed'  itemprop=\"video\" itemtype=\"https:\/\/schema.org\/VideoObject\"  data-original_url='https:\/\/youtu.be\/0ozVldn5rkk'><script type='text\/html' class='av-video-tmpl'><div class='avia-iframe-wrap'><iframe loading=\"lazy\" title=\"Cap Sud Ouest Dordogne cano\u00eb (teaser)\" width=\"1500\" height=\"844\" src=\"https:\/\/www.youtube.com\/embed\/0ozVldn5rkk?feature=oembed&autoplay=0&loop=0&controls=1&mute=0\" frameborder=\"0\" allow=\"accelerometer; autoplay; encrypted-media; gyroscope; picture-in-picture\" allowfullscreen><\/iframe><\/div><\/script><div class='av-click-to-play-overlay'><div class=\"avia_playpause_icon\"><\/div><\/div><\/div><br \/>\n\n<style type=\"text\/css\" data-created_by=\"avia_inline_auto\" id=\"style-css-av-k6ulij6a-e7e7f5e75b1b8ca2f7a129ee2b44d00e\">\n#top .av-special-heading.av-k6ulij6a-e7e7f5e75b1b8ca2f7a129ee2b44d00e{\npadding-bottom:10px;\n}\nbody .av-special-heading.av-k6ulij6a-e7e7f5e75b1b8ca2f7a129ee2b44d00e .av-special-heading-tag .heading-char{\nfont-size:25px;\n}\n.av-special-heading.av-k6ulij6a-e7e7f5e75b1b8ca2f7a129ee2b44d00e .av-subheading{\nfont-size:15px;\n}\n<\/style>\n<div  class='av-special-heading av-k6ulij6a-e7e7f5e75b1b8ca2f7a129ee2b44d00e av-special-heading-h3  avia-builder-el-8  el_after_av_video  el_before_av_video '><h3 class='av-special-heading-tag '  itemprop=\"headline\"  >Discovery of the Dordogne and P\u00e9rigord<\/h3><div class=\"special-heading-border\"><div class=\"special-heading-inner-border\"><\/div><\/div><\/div><br \/>\n<div  class='avia-video av-jww6l7yo-6a781eda480baa640c244f2145ec5a51 avia-video-16-9 av-no-preview-image avia-video-load-always av-lazyload-immediate av-lazyload-video-embed'  itemprop=\"video\" itemtype=\"https:\/\/schema.org\/VideoObject\"  data-original_url='https:\/\/youtu.be\/yboGZzEKTLE'><script type='text\/html' class='av-video-tmpl'><div class='avia-iframe-wrap'><iframe loading=\"lazy\" title=\"CDT Dordogne P\u00e9rigord 2012\" width=\"1500\" height=\"844\" src=\"https:\/\/www.youtube.com\/embed\/yboGZzEKTLE?feature=oembed&autoplay=0&loop=0&controls=1&mute=0\" frameborder=\"0\" allow=\"accelerometer; autoplay; encrypted-media; gyroscope; picture-in-picture\" allowfullscreen><\/iframe><\/div><\/script><div class='av-click-to-play-overlay'><div class=\"avia_playpause_icon\"><\/div><\/div><\/div><br \/>\n<div  class='avia-video av-jww6m1gm-132e3be0c1d18ae6575206f06ff87cd4 avia-video-16-9 av-no-preview-image avia-video-load-always av-lazyload-immediate av-lazyload-video-embed'  itemprop=\"video\" itemtype=\"https:\/\/schema.org\/VideoObject\"  data-original_url='https:\/\/youtu.be\/8eoFi3EiZXc'><script type='text\/html' class='av-video-tmpl'><div class='avia-iframe-wrap'><iframe loading=\"lazy\" title=\"France Dordogne P\u00e9rigord\" width=\"1500\" height=\"844\" src=\"https:\/\/www.youtube.com\/embed\/8eoFi3EiZXc?feature=oembed&autoplay=0&loop=0&controls=1&mute=0\" frameborder=\"0\" allow=\"accelerometer; autoplay; encrypted-media; gyroscope; picture-in-picture\" allowfullscreen><\/iframe><\/div><\/script><div class='av-click-to-play-overlay'><div class=\"avia_playpause_icon\"><\/div><\/div><\/div><br \/>\n<div  class='avia-video av-jww6m1gm-8c4b5cd75fde90fe1551e2e5115e8c99 avia-video-16-9 av-no-preview-image avia-video-load-always av-lazyload-immediate av-lazyload-video-embed'  itemprop=\"video\" itemtype=\"https:\/\/schema.org\/VideoObject\"  data-original_url='https:\/\/youtu.be\/BFRR43XfYbI'><script type='text\/html' class='av-video-tmpl'><div class='avia-iframe-wrap'><iframe loading=\"lazy\" title=\"Sarlat P\u00e9rigord Noir : incontournable !\" width=\"1500\" height=\"844\" src=\"https:\/\/www.youtube.com\/embed\/BFRR43XfYbI?feature=oembed&autoplay=0&loop=0&controls=1&mute=0\" frameborder=\"0\" allow=\"accelerometer; autoplay; encrypted-media; gyroscope; picture-in-picture\" allowfullscreen><\/iframe><\/div><\/script><div class='av-click-to-play-overlay'><div class=\"avia_playpause_icon\"><\/div><\/div><\/div><\/p><\/div>\n","protected":false},"excerpt":{"rendered":"","protected":false},"author":1,"featured_media":0,"parent":0,"menu_order":0,"comment_status":"closed","ping_status":"closed","template":"","meta":{"footnotes":""},"class_list":["post-3981","page","type-page","status-publish","hentry"],"yoast_head":"<!-- This site is optimized with the Yoast SEO plugin v27.3 - https:\/\/yoast.com\/product\/yoast-seo-wordpress\/ -->\n<title>Descente de la Dordogne en cano\u00eb en vid\u00e9o - P\u00e9rigord Aventure et Loisirs<\/title>\n<meta name=\"description\" content=\"D\u00e9couvrir la rivi\u00e8re Dordogne en vid\u00e9o, descente, pascours, circuits en cano\u00eb ou kayak en famille, ou entre amis\" \/>\n<meta name=\"robots\" content=\"index, follow, max-snippet:-1, max-image-preview:large, max-video-preview:-1\" \/>\n<link rel=\"canonical\" href=\"https:\/\/www.perigordaventureloisirs.com\/en\/video-gallery-canoe-dordogne\/\" \/>\n<meta property=\"og:locale\" content=\"en_US\" \/>\n<meta property=\"og:type\" content=\"article\" \/>\n<meta property=\"og:title\" content=\"Descente de la Dordogne en cano\u00eb en vid\u00e9o - P\u00e9rigord Aventure et Loisirs\" \/>\n<meta property=\"og:description\" content=\"D\u00e9couvrir la rivi\u00e8re Dordogne en vid\u00e9o, descente, pascours, circuits en cano\u00eb ou kayak en famille, ou entre amis\" \/>\n<meta property=\"og:url\" content=\"https:\/\/www.perigordaventureloisirs.com\/en\/video-gallery-canoe-dordogne\/\" \/>\n<meta property=\"og:site_name\" content=\"P\u00e9rigord Aventure et Loisirs\" \/>\n<meta property=\"article:modified_time\" content=\"2020-02-20T10:23:15+00:00\" \/>\n<meta name=\"twitter:card\" content=\"summary_large_image\" \/>\n<meta name=\"twitter:label1\" content=\"Est. reading time\" \/>\n\t<meta name=\"twitter:data1\" content=\"3 minutes\" \/>\n<script type=\"application\/ld+json\" class=\"yoast-schema-graph\">{\"@context\":\"https:\\\/\\\/schema.org\",\"@graph\":[{\"@type\":\"WebPage\",\"@id\":\"https:\\\/\\\/www.perigordaventureloisirs.com\\\/en\\\/video-gallery-canoe-dordogne\\\/\",\"url\":\"https:\\\/\\\/www.perigordaventureloisirs.com\\\/en\\\/video-gallery-canoe-dordogne\\\/\",\"name\":\"Descente de la Dordogne en cano\u00eb en vid\u00e9o - P\u00e9rigord Aventure et Loisirs\",\"isPartOf\":{\"@id\":\"https:\\\/\\\/www.perigordaventureloisirs.com\\\/#website\"},\"datePublished\":\"2019-06-14T14:18:42+00:00\",\"dateModified\":\"2020-02-20T10:23:15+00:00\",\"description\":\"D\u00e9couvrir la rivi\u00e8re Dordogne en vid\u00e9o, descente, pascours, circuits en cano\u00eb ou kayak en famille, ou entre amis\",\"breadcrumb\":{\"@id\":\"https:\\\/\\\/www.perigordaventureloisirs.com\\\/en\\\/video-gallery-canoe-dordogne\\\/#breadcrumb\"},\"inLanguage\":\"en-US\",\"potentialAction\":[{\"@type\":\"ReadAction\",\"target\":[\"https:\\\/\\\/www.perigordaventureloisirs.com\\\/en\\\/video-gallery-canoe-dordogne\\\/\"]}]},{\"@type\":\"BreadcrumbList\",\"@id\":\"https:\\\/\\\/www.perigordaventureloisirs.com\\\/en\\\/video-gallery-canoe-dordogne\\\/#breadcrumb\",\"itemListElement\":[{\"@type\":\"ListItem\",\"position\":1,\"name\":\"Accueil\",\"item\":\"https:\\\/\\\/www.perigordaventureloisirs.com\\\/en\\\/\"},{\"@type\":\"ListItem\",\"position\":2,\"name\":\"Video gallery\"}]},{\"@type\":\"WebSite\",\"@id\":\"https:\\\/\\\/www.perigordaventureloisirs.com\\\/#website\",\"url\":\"https:\\\/\\\/www.perigordaventureloisirs.com\\\/\",\"name\":\"P\u00e9rigord Aventure et Loisirs\",\"description\":\"Location Cano\u00eb Kayak sur la Dordogne\",\"publisher\":{\"@id\":\"https:\\\/\\\/www.perigordaventureloisirs.com\\\/#organization\"},\"potentialAction\":[{\"@type\":\"SearchAction\",\"target\":{\"@type\":\"EntryPoint\",\"urlTemplate\":\"https:\\\/\\\/www.perigordaventureloisirs.com\\\/?s={search_term_string}\"},\"query-input\":{\"@type\":\"PropertyValueSpecification\",\"valueRequired\":true,\"valueName\":\"search_term_string\"}}],\"inLanguage\":\"en-US\"},{\"@type\":\"Organization\",\"@id\":\"https:\\\/\\\/www.perigordaventureloisirs.com\\\/#organization\",\"name\":\"P\u00e9rigord Aventure Loisirs\",\"url\":\"https:\\\/\\\/www.perigordaventureloisirs.com\\\/\",\"logo\":{\"@type\":\"ImageObject\",\"inLanguage\":\"en-US\",\"@id\":\"https:\\\/\\\/www.perigordaventureloisirs.com\\\/#\\\/schema\\\/logo\\\/image\\\/\",\"url\":\"https:\\\/\\\/www.perigordaventureloisirs.com\\\/wp-content\\\/uploads\\\/2019\\\/06\\\/logo-perigord-aventure-loisirs-540x125px.png\",\"contentUrl\":\"https:\\\/\\\/www.perigordaventureloisirs.com\\\/wp-content\\\/uploads\\\/2019\\\/06\\\/logo-perigord-aventure-loisirs-540x125px.png\",\"width\":540,\"height\":125,\"caption\":\"P\u00e9rigord Aventure Loisirs\"},\"image\":{\"@id\":\"https:\\\/\\\/www.perigordaventureloisirs.com\\\/#\\\/schema\\\/logo\\\/image\\\/\"}}]}<\/script>\n<!-- \/ Yoast SEO plugin. -->","yoast_head_json":{"title":"Descente de la Dordogne en cano\u00eb en vid\u00e9o - P\u00e9rigord Aventure et Loisirs","description":"D\u00e9couvrir la rivi\u00e8re Dordogne en vid\u00e9o, descente, pascours, circuits en cano\u00eb ou kayak en famille, ou entre amis","robots":{"index":"index","follow":"follow","max-snippet":"max-snippet:-1","max-image-preview":"max-image-preview:large","max-video-preview":"max-video-preview:-1"},"canonical":"https:\/\/www.perigordaventureloisirs.com\/en\/video-gallery-canoe-dordogne\/","og_locale":"en_US","og_type":"article","og_title":"Descente de la Dordogne en cano\u00eb en vid\u00e9o - P\u00e9rigord Aventure et Loisirs","og_description":"D\u00e9couvrir la rivi\u00e8re Dordogne en vid\u00e9o, descente, pascours, circuits en cano\u00eb ou kayak en famille, ou entre amis","og_url":"https:\/\/www.perigordaventureloisirs.com\/en\/video-gallery-canoe-dordogne\/","og_site_name":"P\u00e9rigord Aventure et Loisirs","article_modified_time":"2020-02-20T10:23:15+00:00","twitter_card":"summary_large_image","twitter_misc":{"Est. reading time":"3 minutes"},"schema":{"@context":"https:\/\/schema.org","@graph":[{"@type":"WebPage","@id":"https:\/\/www.perigordaventureloisirs.com\/en\/video-gallery-canoe-dordogne\/","url":"https:\/\/www.perigordaventureloisirs.com\/en\/video-gallery-canoe-dordogne\/","name":"Descente de la Dordogne en cano\u00eb en vid\u00e9o - P\u00e9rigord Aventure et Loisirs","isPartOf":{"@id":"https:\/\/www.perigordaventureloisirs.com\/#website"},"datePublished":"2019-06-14T14:18:42+00:00","dateModified":"2020-02-20T10:23:15+00:00","description":"D\u00e9couvrir la rivi\u00e8re Dordogne en vid\u00e9o, descente, pascours, circuits en cano\u00eb ou kayak en famille, ou entre amis","breadcrumb":{"@id":"https:\/\/www.perigordaventureloisirs.com\/en\/video-gallery-canoe-dordogne\/#breadcrumb"},"inLanguage":"en-US","potentialAction":[{"@type":"ReadAction","target":["https:\/\/www.perigordaventureloisirs.com\/en\/video-gallery-canoe-dordogne\/"]}]},{"@type":"BreadcrumbList","@id":"https:\/\/www.perigordaventureloisirs.com\/en\/video-gallery-canoe-dordogne\/#breadcrumb","itemListElement":[{"@type":"ListItem","position":1,"name":"Accueil","item":"https:\/\/www.perigordaventureloisirs.com\/en\/"},{"@type":"ListItem","position":2,"name":"Video gallery"}]},{"@type":"WebSite","@id":"https:\/\/www.perigordaventureloisirs.com\/#website","url":"https:\/\/www.perigordaventureloisirs.com\/","name":"P\u00e9rigord Aventure et Loisirs","description":"Location Cano\u00eb Kayak sur la Dordogne","publisher":{"@id":"https:\/\/www.perigordaventureloisirs.com\/#organization"},"potentialAction":[{"@type":"SearchAction","target":{"@type":"EntryPoint","urlTemplate":"https:\/\/www.perigordaventureloisirs.com\/?s={search_term_string}"},"query-input":{"@type":"PropertyValueSpecification","valueRequired":true,"valueName":"search_term_string"}}],"inLanguage":"en-US"},{"@type":"Organization","@id":"https:\/\/www.perigordaventureloisirs.com\/#organization","name":"P\u00e9rigord Aventure Loisirs","url":"https:\/\/www.perigordaventureloisirs.com\/","logo":{"@type":"ImageObject","inLanguage":"en-US","@id":"https:\/\/www.perigordaventureloisirs.com\/#\/schema\/logo\/image\/","url":"https:\/\/www.perigordaventureloisirs.com\/wp-content\/uploads\/2019\/06\/logo-perigord-aventure-loisirs-540x125px.png","contentUrl":"https:\/\/www.perigordaventureloisirs.com\/wp-content\/uploads\/2019\/06\/logo-perigord-aventure-loisirs-540x125px.png","width":540,"height":125,"caption":"P\u00e9rigord Aventure Loisirs"},"image":{"@id":"https:\/\/www.perigordaventureloisirs.com\/#\/schema\/logo\/image\/"}}]}},"_links":{"self":[{"href":"https:\/\/www.perigordaventureloisirs.com\/en\/wp-json\/wp\/v2\/pages\/3981","targetHints":{"allow":["GET"]}}],"collection":[{"href":"https:\/\/www.perigordaventureloisirs.com\/en\/wp-json\/wp\/v2\/pages"}],"about":[{"href":"https:\/\/www.perigordaventureloisirs.com\/en\/wp-json\/wp\/v2\/types\/page"}],"author":[{"embeddable":true,"href":"https:\/\/www.perigordaventureloisirs.com\/en\/wp-json\/wp\/v2\/users\/1"}],"replies":[{"embeddable":true,"href":"https:\/\/www.perigordaventureloisirs.com\/en\/wp-json\/wp\/v2\/comments?post=3981"}],"version-history":[{"count":0,"href":"https:\/\/www.perigordaventureloisirs.com\/en\/wp-json\/wp\/v2\/pages\/3981\/revisions"}],"wp:attachment":[{"href":"https:\/\/www.perigordaventureloisirs.com\/en\/wp-json\/wp\/v2\/media?parent=3981"}],"curies":[{"name":"wp","href":"https:\/\/api.w.org\/{rel}","templated":true}]}}