{"id":4148,"date":"2019-06-11T19:04:31","date_gmt":"2019-06-11T17:04:31","guid":{"rendered":"https:\/\/www.perigordaventureloisirs.com\/reglementations-canoe-kayak-riviere-dordogne\/"},"modified":"2020-02-20T11:44:10","modified_gmt":"2020-02-20T10:44:10","slug":"regulation-canoe-kayak-dordogne-river","status":"publish","type":"page","link":"https:\/\/www.perigordaventureloisirs.com\/en\/regulation-canoe-kayak-dordogne-river\/","title":{"rendered":"Regulation"},"content":{"rendered":"\n<style type=\"text\/css\" data-created_by=\"avia_inline_auto\" id=\"style-css-av-k6um9mra-a1e58117ba1836ccda3a5273bc7dca3e\">\n#top .av-special-heading.av-k6um9mra-a1e58117ba1836ccda3a5273bc7dca3e{\npadding-bottom:10px;\nfont-size:40px;\n}\nbody .av-special-heading.av-k6um9mra-a1e58117ba1836ccda3a5273bc7dca3e .av-special-heading-tag .heading-char{\nfont-size:25px;\n}\n#top #wrap_all .av-special-heading.av-k6um9mra-a1e58117ba1836ccda3a5273bc7dca3e .av-special-heading-tag{\nfont-size:40px;\n}\n.av-special-heading.av-k6um9mra-a1e58117ba1836ccda3a5273bc7dca3e .av-subheading{\nfont-size:15px;\n}\n\n@media only screen and (min-width: 480px) and (max-width: 767px){ \n#top #wrap_all .av-special-heading.av-k6um9mra-a1e58117ba1836ccda3a5273bc7dca3e .av-special-heading-tag{\nfont-size:0.8em;\n}\n}\n\n@media only screen and (max-width: 479px){ \n#top #wrap_all .av-special-heading.av-k6um9mra-a1e58117ba1836ccda3a5273bc7dca3e .av-special-heading-tag{\nfont-size:0.8em;\n}\n}\n<\/style>\n<div  class='av-special-heading av-k6um9mra-a1e58117ba1836ccda3a5273bc7dca3e av-special-heading-h2 blockquote modern-quote  avia-builder-el-0  el_before_av_one_full  avia-builder-el-first  av-inherit-size'><h2 class='av-special-heading-tag '  itemprop=\"headline\"  >Regulation<\/h2><div class=\"special-heading-border\"><div class=\"special-heading-inner-border\"><\/div><\/div><\/div>\n\n<style type=\"text\/css\" data-created_by=\"avia_inline_auto\" id=\"style-css-av-jwroem72-9b36ada18258329433336fc2eb1fdd76\">\n.flex_column.av-jwroem72-9b36ada18258329433336fc2eb1fdd76{\nborder-radius:0px 0px 0px 0px;\npadding:20px 20px 20px 20px;\nbackground-color:#ebebeb;\n}\n<\/style>\n<div  class='flex_column av-jwroem72-9b36ada18258329433336fc2eb1fdd76 av_one_full  avia-builder-el-1  el_after_av_heading  avia-builder-el-last  first flex_column_div av-animated-generic pop-up  '     ><p><div  class='avia-button-wrap avia-button-center  avia-builder-el-2  el_before_av_hr  avia-builder-el-first '>\n<style type=\"text\/css\" data-created_by=\"avia_inline_auto\" id=\"style-css-av-jws24ryy-2559cd3526324531371537b9abf3843c\">\n#top #wrap_all .avia-button.av-jws24ryy-2559cd3526324531371537b9abf3843c{\nbackground-color:#fbba00;\nborder-color:#fbba00;\ncolor:#ffffff;\ntransition:all 0.4s ease-in-out;\n}\n#top #wrap_all .avia-button.av-jws24ryy-2559cd3526324531371537b9abf3843c:hover{\ncolor:#ffffff;\ntransition:all 0.4s ease-in-out;\n}\n#top #wrap_all .avia-button.av-jws24ryy-2559cd3526324531371537b9abf3843c .avia-svg-icon svg:first-child{\nfill:#ffffff;\nstroke:#ffffff;\n}\n#top #wrap_all .avia-button.av-jws24ryy-2559cd3526324531371537b9abf3843c:hover .avia-svg-icon svg:first-child{\nfill:#ffffff;\nstroke:#ffffff;\n}\n<\/style>\n<a href='https:\/\/www.legifrance.gouv.fr\/affichTexte.do?cidTexte=JORFTEXT000032460359&categorieLien=id' class='avia-button avia-button-fullwidth av-jws24ryy-2559cd3526324531371537b9abf3843c avia-icon_select-yes-left-icon avia-color-custom'  target=\"_blank\"  rel=\"noopener noreferrer\"  aria-label=\"Obligations linked to sports activities\"><span class='avia_button_icon avia_button_icon_left avia-iconfont avia-font-entypo-fontello' data-av_icon='\ue832' data-av_iconfont='entypo-fontello' ><\/span><span class='avia_iconbox_title' >Obligations linked to sports activities<\/span><span class='avia_button_background avia-button avia-button-fullwidth avia-color-theme-color'><\/span><\/a><\/div><br \/>\n\n<style type=\"text\/css\" data-created_by=\"avia_inline_auto\" id=\"style-css-av-jws28zh8-2d8092183938d916a028805b172a0858\">\n#top .hr.hr-invisible.av-jws28zh8-2d8092183938d916a028805b172a0858{\nheight:20px;\n}\n<\/style>\n<div  class='hr av-jws28zh8-2d8092183938d916a028805b172a0858 hr-invisible  avia-builder-el-3  el_after_av_button_big  el_before_av_button_big  avia-builder-el-no-sibling '><span class='hr-inner '><span class=\"hr-inner-style\"><\/span><\/span><\/div><br \/>\n<div  class='avia-button-wrap avia-button-center  avia-builder-el-4  el_after_av_hr  avia-builder-el-last '>\n<style type=\"text\/css\" data-created_by=\"avia_inline_auto\" id=\"style-css-av-jws24ryy-2cabb3c4be05ddb9391090b3dd6843d5\">\n#top #wrap_all .avia-button.av-jws24ryy-2cabb3c4be05ddb9391090b3dd6843d5{\nbackground-color:#009036;\nborder-color:#009036;\ncolor:#ffffff;\ntransition:all 0.4s ease-in-out;\n}\n#top #wrap_all .avia-button.av-jws24ryy-2cabb3c4be05ddb9391090b3dd6843d5:hover{\ncolor:#ffffff;\ntransition:all 0.4s ease-in-out;\n}\n#top #wrap_all .avia-button.av-jws24ryy-2cabb3c4be05ddb9391090b3dd6843d5 .avia-svg-icon svg:first-child{\nfill:#ffffff;\nstroke:#ffffff;\n}\n#top #wrap_all .avia-button.av-jws24ryy-2cabb3c4be05ddb9391090b3dd6843d5:hover .avia-svg-icon svg:first-child{\nfill:#ffffff;\nstroke:#ffffff;\n}\n<\/style>\n<a href='http:\/\/www.dordogne.gouv.fr\/content\/download\/20360\/153182\/file\/AR_%20RPP_%20navig_%20pont%20sncf%20%20Yerle%20%C3%A0%20ALLES%20SUR%20DORDOGNE_%202015.pdf' class='avia-button avia-button-fullwidth av-jws24ryy-2cabb3c4be05ddb9391090b3dd6843d5 avia-icon_select-yes-left-icon avia-color-custom'  target=\"_blank\"  rel=\"noopener noreferrer\"  aria-label=\"Navigation on the Dordogne river\"><span class='avia_button_icon avia_button_icon_left avia-iconfont avia-font-entypo-fontello' data-av_icon='\ue832' data-av_iconfont='entypo-fontello' ><\/span><span class='avia_iconbox_title' >Navigation on the Dordogne river<\/span><span class='avia_button_background avia-button avia-button-fullwidth avia-color-theme-color'><\/span><\/a><\/div><\/p><\/div>\n","protected":false},"excerpt":{"rendered":"","protected":false},"author":1,"featured_media":0,"parent":0,"menu_order":0,"comment_status":"closed","ping_status":"closed","template":"","meta":{"footnotes":""},"class_list":["post-4148","page","type-page","status-publish","hentry"],"yoast_head":"<!-- This site is optimized with the Yoast SEO plugin v27.3 - https:\/\/yoast.com\/product\/yoast-seo-wordpress\/ -->\n<title>R\u00e9glementation descentes cano\u00ebs et kayaks sur la rivi\u00e8re Dordogne<\/title>\n<meta name=\"description\" content=\"Informations sur la r\u00e9glementation concernant les descentes de la rivi\u00e8re Dordogne en cano\u00ebs ou en kayaks\" \/>\n<meta name=\"robots\" content=\"index, follow, max-snippet:-1, max-image-preview:large, max-video-preview:-1\" \/>\n<link rel=\"canonical\" href=\"https:\/\/www.perigordaventureloisirs.com\/en\/regulation-canoe-kayak-dordogne-river\/\" \/>\n<meta property=\"og:locale\" content=\"en_US\" \/>\n<meta property=\"og:type\" content=\"article\" \/>\n<meta property=\"og:title\" content=\"R\u00e9glementation descentes cano\u00ebs et kayaks sur la rivi\u00e8re Dordogne\" \/>\n<meta property=\"og:description\" content=\"Informations sur la r\u00e9glementation concernant les descentes de la rivi\u00e8re Dordogne en cano\u00ebs ou en kayaks\" \/>\n<meta property=\"og:url\" content=\"https:\/\/www.perigordaventureloisirs.com\/en\/regulation-canoe-kayak-dordogne-river\/\" \/>\n<meta property=\"og:site_name\" content=\"P\u00e9rigord Aventure et Loisirs\" \/>\n<meta property=\"article:modified_time\" content=\"2020-02-20T10:44:10+00:00\" \/>\n<meta name=\"twitter:card\" content=\"summary_large_image\" \/>\n<meta name=\"twitter:label1\" content=\"Est. reading time\" \/>\n\t<meta name=\"twitter:data1\" content=\"2 minutes\" \/>\n<script type=\"application\/ld+json\" class=\"yoast-schema-graph\">{\"@context\":\"https:\\\/\\\/schema.org\",\"@graph\":[{\"@type\":\"WebPage\",\"@id\":\"https:\\\/\\\/www.perigordaventureloisirs.com\\\/en\\\/regulation-canoe-kayak-dordogne-river\\\/\",\"url\":\"https:\\\/\\\/www.perigordaventureloisirs.com\\\/en\\\/regulation-canoe-kayak-dordogne-river\\\/\",\"name\":\"R\u00e9glementation descentes cano\u00ebs et kayaks sur la rivi\u00e8re Dordogne\",\"isPartOf\":{\"@id\":\"https:\\\/\\\/www.perigordaventureloisirs.com\\\/#website\"},\"datePublished\":\"2019-06-11T17:04:31+00:00\",\"dateModified\":\"2020-02-20T10:44:10+00:00\",\"description\":\"Informations sur la r\u00e9glementation concernant les descentes de la rivi\u00e8re Dordogne en cano\u00ebs ou en kayaks\",\"breadcrumb\":{\"@id\":\"https:\\\/\\\/www.perigordaventureloisirs.com\\\/en\\\/regulation-canoe-kayak-dordogne-river\\\/#breadcrumb\"},\"inLanguage\":\"en-US\",\"potentialAction\":[{\"@type\":\"ReadAction\",\"target\":[\"https:\\\/\\\/www.perigordaventureloisirs.com\\\/en\\\/regulation-canoe-kayak-dordogne-river\\\/\"]}]},{\"@type\":\"BreadcrumbList\",\"@id\":\"https:\\\/\\\/www.perigordaventureloisirs.com\\\/en\\\/regulation-canoe-kayak-dordogne-river\\\/#breadcrumb\",\"itemListElement\":[{\"@type\":\"ListItem\",\"position\":1,\"name\":\"Accueil\",\"item\":\"https:\\\/\\\/www.perigordaventureloisirs.com\\\/en\\\/\"},{\"@type\":\"ListItem\",\"position\":2,\"name\":\"Regulation\"}]},{\"@type\":\"WebSite\",\"@id\":\"https:\\\/\\\/www.perigordaventureloisirs.com\\\/#website\",\"url\":\"https:\\\/\\\/www.perigordaventureloisirs.com\\\/\",\"name\":\"P\u00e9rigord Aventure et Loisirs\",\"description\":\"Location Cano\u00eb Kayak sur la Dordogne\",\"publisher\":{\"@id\":\"https:\\\/\\\/www.perigordaventureloisirs.com\\\/#organization\"},\"potentialAction\":[{\"@type\":\"SearchAction\",\"target\":{\"@type\":\"EntryPoint\",\"urlTemplate\":\"https:\\\/\\\/www.perigordaventureloisirs.com\\\/?s={search_term_string}\"},\"query-input\":{\"@type\":\"PropertyValueSpecification\",\"valueRequired\":true,\"valueName\":\"search_term_string\"}}],\"inLanguage\":\"en-US\"},{\"@type\":\"Organization\",\"@id\":\"https:\\\/\\\/www.perigordaventureloisirs.com\\\/#organization\",\"name\":\"P\u00e9rigord Aventure Loisirs\",\"url\":\"https:\\\/\\\/www.perigordaventureloisirs.com\\\/\",\"logo\":{\"@type\":\"ImageObject\",\"inLanguage\":\"en-US\",\"@id\":\"https:\\\/\\\/www.perigordaventureloisirs.com\\\/#\\\/schema\\\/logo\\\/image\\\/\",\"url\":\"https:\\\/\\\/www.perigordaventureloisirs.com\\\/wp-content\\\/uploads\\\/2019\\\/06\\\/logo-perigord-aventure-loisirs-540x125px.png\",\"contentUrl\":\"https:\\\/\\\/www.perigordaventureloisirs.com\\\/wp-content\\\/uploads\\\/2019\\\/06\\\/logo-perigord-aventure-loisirs-540x125px.png\",\"width\":540,\"height\":125,\"caption\":\"P\u00e9rigord Aventure Loisirs\"},\"image\":{\"@id\":\"https:\\\/\\\/www.perigordaventureloisirs.com\\\/#\\\/schema\\\/logo\\\/image\\\/\"}}]}<\/script>\n<!-- \/ Yoast SEO plugin. -->","yoast_head_json":{"title":"R\u00e9glementation descentes cano\u00ebs et kayaks sur la rivi\u00e8re Dordogne","description":"Informations sur la r\u00e9glementation concernant les descentes de la rivi\u00e8re Dordogne en cano\u00ebs ou en kayaks","robots":{"index":"index","follow":"follow","max-snippet":"max-snippet:-1","max-image-preview":"max-image-preview:large","max-video-preview":"max-video-preview:-1"},"canonical":"https:\/\/www.perigordaventureloisirs.com\/en\/regulation-canoe-kayak-dordogne-river\/","og_locale":"en_US","og_type":"article","og_title":"R\u00e9glementation descentes cano\u00ebs et kayaks sur la rivi\u00e8re Dordogne","og_description":"Informations sur la r\u00e9glementation concernant les descentes de la rivi\u00e8re Dordogne en cano\u00ebs ou en kayaks","og_url":"https:\/\/www.perigordaventureloisirs.com\/en\/regulation-canoe-kayak-dordogne-river\/","og_site_name":"P\u00e9rigord Aventure et Loisirs","article_modified_time":"2020-02-20T10:44:10+00:00","twitter_card":"summary_large_image","twitter_misc":{"Est. reading time":"2 minutes"},"schema":{"@context":"https:\/\/schema.org","@graph":[{"@type":"WebPage","@id":"https:\/\/www.perigordaventureloisirs.com\/en\/regulation-canoe-kayak-dordogne-river\/","url":"https:\/\/www.perigordaventureloisirs.com\/en\/regulation-canoe-kayak-dordogne-river\/","name":"R\u00e9glementation descentes cano\u00ebs et kayaks sur la rivi\u00e8re Dordogne","isPartOf":{"@id":"https:\/\/www.perigordaventureloisirs.com\/#website"},"datePublished":"2019-06-11T17:04:31+00:00","dateModified":"2020-02-20T10:44:10+00:00","description":"Informations sur la r\u00e9glementation concernant les descentes de la rivi\u00e8re Dordogne en cano\u00ebs ou en kayaks","breadcrumb":{"@id":"https:\/\/www.perigordaventureloisirs.com\/en\/regulation-canoe-kayak-dordogne-river\/#breadcrumb"},"inLanguage":"en-US","potentialAction":[{"@type":"ReadAction","target":["https:\/\/www.perigordaventureloisirs.com\/en\/regulation-canoe-kayak-dordogne-river\/"]}]},{"@type":"BreadcrumbList","@id":"https:\/\/www.perigordaventureloisirs.com\/en\/regulation-canoe-kayak-dordogne-river\/#breadcrumb","itemListElement":[{"@type":"ListItem","position":1,"name":"Accueil","item":"https:\/\/www.perigordaventureloisirs.com\/en\/"},{"@type":"ListItem","position":2,"name":"Regulation"}]},{"@type":"WebSite","@id":"https:\/\/www.perigordaventureloisirs.com\/#website","url":"https:\/\/www.perigordaventureloisirs.com\/","name":"P\u00e9rigord Aventure et Loisirs","description":"Location Cano\u00eb Kayak sur la Dordogne","publisher":{"@id":"https:\/\/www.perigordaventureloisirs.com\/#organization"},"potentialAction":[{"@type":"SearchAction","target":{"@type":"EntryPoint","urlTemplate":"https:\/\/www.perigordaventureloisirs.com\/?s={search_term_string}"},"query-input":{"@type":"PropertyValueSpecification","valueRequired":true,"valueName":"search_term_string"}}],"inLanguage":"en-US"},{"@type":"Organization","@id":"https:\/\/www.perigordaventureloisirs.com\/#organization","name":"P\u00e9rigord Aventure Loisirs","url":"https:\/\/www.perigordaventureloisirs.com\/","logo":{"@type":"ImageObject","inLanguage":"en-US","@id":"https:\/\/www.perigordaventureloisirs.com\/#\/schema\/logo\/image\/","url":"https:\/\/www.perigordaventureloisirs.com\/wp-content\/uploads\/2019\/06\/logo-perigord-aventure-loisirs-540x125px.png","contentUrl":"https:\/\/www.perigordaventureloisirs.com\/wp-content\/uploads\/2019\/06\/logo-perigord-aventure-loisirs-540x125px.png","width":540,"height":125,"caption":"P\u00e9rigord Aventure Loisirs"},"image":{"@id":"https:\/\/www.perigordaventureloisirs.com\/#\/schema\/logo\/image\/"}}]}},"_links":{"self":[{"href":"https:\/\/www.perigordaventureloisirs.com\/en\/wp-json\/wp\/v2\/pages\/4148","targetHints":{"allow":["GET"]}}],"collection":[{"href":"https:\/\/www.perigordaventureloisirs.com\/en\/wp-json\/wp\/v2\/pages"}],"about":[{"href":"https:\/\/www.perigordaventureloisirs.com\/en\/wp-json\/wp\/v2\/types\/page"}],"author":[{"embeddable":true,"href":"https:\/\/www.perigordaventureloisirs.com\/en\/wp-json\/wp\/v2\/users\/1"}],"replies":[{"embeddable":true,"href":"https:\/\/www.perigordaventureloisirs.com\/en\/wp-json\/wp\/v2\/comments?post=4148"}],"version-history":[{"count":0,"href":"https:\/\/www.perigordaventureloisirs.com\/en\/wp-json\/wp\/v2\/pages\/4148\/revisions"}],"wp:attachment":[{"href":"https:\/\/www.perigordaventureloisirs.com\/en\/wp-json\/wp\/v2\/media?parent=4148"}],"curies":[{"name":"wp","href":"https:\/\/api.w.org\/{rel}","templated":true}]}}