{"id":4110,"date":"2019-06-11T16:18:48","date_gmt":"2019-06-11T14:18:48","guid":{"rendered":"https:\/\/www.perigordaventureloisirs.com\/formule-canoe-dordogne-special-week-end\/"},"modified":"2024-05-24T13:21:28","modified_gmt":"2024-05-24T11:21:28","slug":"formula-canoa-dordogne-especial-fin-de-semana","status":"publish","type":"page","link":"https:\/\/www.perigordaventureloisirs.com\/es\/formula-canoa-dordogne-especial-fin-de-semana\/","title":{"rendered":"F\u00f3rmula Especial Fin de semana"},"content":{"rendered":"\n<style type=\"text\/css\" data-created_by=\"avia_inline_auto\" id=\"style-css-av-918f2-9af09f391c1c67f589c86cdb6b401a0a\">\n#top .av-special-heading.av-918f2-9af09f391c1c67f589c86cdb6b401a0a{\npadding-bottom:10px;\nfont-size:40px;\n}\nbody .av-special-heading.av-918f2-9af09f391c1c67f589c86cdb6b401a0a .av-special-heading-tag .heading-char{\nfont-size:25px;\n}\n#top #wrap_all .av-special-heading.av-918f2-9af09f391c1c67f589c86cdb6b401a0a .av-special-heading-tag{\nfont-size:40px;\n}\n.av-special-heading.av-918f2-9af09f391c1c67f589c86cdb6b401a0a .av-subheading{\nfont-size:15px;\n}\n\n@media only screen and (min-width: 480px) and (max-width: 767px){ \n#top #wrap_all .av-special-heading.av-918f2-9af09f391c1c67f589c86cdb6b401a0a .av-special-heading-tag{\nfont-size:0.8em;\n}\n}\n\n@media only screen and (max-width: 479px){ \n#top #wrap_all .av-special-heading.av-918f2-9af09f391c1c67f589c86cdb6b401a0a .av-special-heading-tag{\nfont-size:0.8em;\n}\n}\n<\/style>\n<div  class='av-special-heading av-918f2-9af09f391c1c67f589c86cdb6b401a0a av-special-heading-h1 blockquote modern-quote  avia-builder-el-0  el_before_av_one_full  avia-builder-el-first  av-inherit-size'><h1 class='av-special-heading-tag '  itemprop=\"headline\"  >F\u00f3rmula canoa Especial Fin de semana<\/h1><div class=\"special-heading-border\"><div class=\"special-heading-inner-border\"><\/div><\/div><\/div>\n\n<style type=\"text\/css\" data-created_by=\"avia_inline_auto\" id=\"style-css-av-jwroem72-9b36ada18258329433336fc2eb1fdd76\">\n.flex_column.av-jwroem72-9b36ada18258329433336fc2eb1fdd76{\nborder-radius:0px 0px 0px 0px;\npadding:20px 20px 20px 20px;\nbackground-color:#ebebeb;\n}\n<\/style>\n<div  class='flex_column av-jwroem72-9b36ada18258329433336fc2eb1fdd76 av_one_full  avia-builder-el-1  el_after_av_heading  el_before_av_one_full  first flex_column_div av-animated-generic pop-up  '     ><p>\n<style type=\"text\/css\" data-created_by=\"avia_inline_auto\" id=\"style-css-av-33dv0u-12d946af5b902ba7833e5e083ac652fa\">\n#top .av-special-heading.av-33dv0u-12d946af5b902ba7833e5e083ac652fa{\nmargin:0 0 0 0;\npadding-bottom:10px;\ncolor:#006ab3;\n}\nbody .av-special-heading.av-33dv0u-12d946af5b902ba7833e5e083ac652fa .av-special-heading-tag .heading-char{\nfont-size:25px;\n}\n.av-special-heading.av-33dv0u-12d946af5b902ba7833e5e083ac652fa .special-heading-inner-border{\nborder-color:#006ab3;\n}\n.av-special-heading.av-33dv0u-12d946af5b902ba7833e5e083ac652fa .av-subheading{\nfont-size:15px;\n}\n<\/style>\n<div  class='av-special-heading av-33dv0u-12d946af5b902ba7833e5e083ac652fa av-special-heading-h2 custom-color-heading blockquote modern-quote  avia-builder-el-2  el_before_av_image  avia-builder-el-first '><h2 class='av-special-heading-tag '  itemprop=\"headline\"  >Circuito de 2 d\u00edas en canoa en el Dordo\u00f1a:<br \/>\nRelajaci\u00f3n y cambio de aires en el Valle del Dordo\u00f1a<\/h2><div class=\"special-heading-border\"><div class=\"special-heading-inner-border\"><\/div><\/div><\/div><br \/>\n\n<style type=\"text\/css\" data-created_by=\"avia_inline_auto\" id=\"style-css-av-jwruivx5-7dd5eaea2ba7d400c5b0507224f42e86\">\n.avia-image-container.av-jwruivx5-7dd5eaea2ba7d400c5b0507224f42e86 img.avia_image{\nbox-shadow:none;\n}\n.avia-image-container.av-jwruivx5-7dd5eaea2ba7d400c5b0507224f42e86 .av-image-caption-overlay-center{\ncolor:#ffffff;\n}\n<\/style>\n<div  class='avia-image-container av-jwruivx5-7dd5eaea2ba7d400c5b0507224f42e86 av-styling- avia-align-center  avia-builder-el-3  el_after_av_heading  el_before_av_icon_box '   itemprop=\"image\" itemscope=\"itemscope\" itemtype=\"https:\/\/schema.org\/ImageObject\" ><div class=\"avia-image-container-inner\"><div class=\"avia-image-overlay-wrap\"><img decoding=\"async\" fetchpriority=\"high\" class='wp-image-4111 avia-img-lazy-loading-not-4111 avia_image ' src=\"https:\/\/www.perigordaventureloisirs.com\/wp-content\/uploads\/2019\/06\/canoe-chateau.jpg\" alt='' title='Formule location cano\u00eb sur la Dordogne week-end'  height=\"530\" width=\"900\"  itemprop=\"thumbnailUrl\" srcset=\"https:\/\/www.perigordaventureloisirs.com\/wp-content\/uploads\/2019\/06\/canoe-chateau.jpg 900w, https:\/\/www.perigordaventureloisirs.com\/wp-content\/uploads\/2019\/06\/canoe-chateau-300x177.jpg 300w, https:\/\/www.perigordaventureloisirs.com\/wp-content\/uploads\/2019\/06\/canoe-chateau-768x452.jpg 768w, https:\/\/www.perigordaventureloisirs.com\/wp-content\/uploads\/2019\/06\/canoe-chateau-705x415.jpg 705w, https:\/\/www.perigordaventureloisirs.com\/wp-content\/uploads\/2019\/06\/canoe-chateau-450x265.jpg 450w\" sizes=\"(max-width: 900px) 100vw, 900px\" \/><\/div><\/div><\/div><br \/>\n\n<style type=\"text\/css\" data-created_by=\"avia_inline_auto\" id=\"style-css-av-jwro2l5y-f8657c271736820b032cd1ab85122530\">\n.iconbox.av-jwro2l5y-f8657c271736820b032cd1ab85122530 .iconbox_icon{\nbackground-color:#e2001a;\nborder:1px solid #e2001a;\ncolor:#ffffff;\n}\n.iconbox.av-jwro2l5y-f8657c271736820b032cd1ab85122530 .iconbox_icon.avia-svg-icon svg:first-child{\nfill:#ffffff;\nstroke:#ffffff;\n}\n<\/style>\n<article  class='iconbox iconbox_left_content av-jwro2l5y-f8657c271736820b032cd1ab85122530  avia-builder-el-4  el_after_av_image  avia-builder-el-last '  itemscope=\"itemscope\" itemtype=\"https:\/\/schema.org\/CreativeWork\" ><div class='iconbox_icon heading-color avia-iconfont avia-font-entypo-fontello' data-av_icon='\ue81e' data-av_iconfont='entypo-fontello'  ><\/div><div class=\"iconbox_content\"><header class=\"entry-content-header\" aria-label=\"Icon: Informaci\u00f3n-Reservas:\"><h3 class='iconbox_content_title '  itemprop=\"headline\" >Informaci\u00f3n-Reservas:<\/h3><\/header><div class='iconbox_content_container '  itemprop=\"text\" ><h2><span style=\"color: #e2001a;\"><a href=\"tel:+33553282382\">+33 (0)553 282 382<\/a> o <a href=\"tel:+33683273006\">+33(0)683 273 006<\/a><\/span><\/h2>\n<\/div><\/div><footer class=\"entry-footer\"><\/footer><\/article><\/p><\/div>\n\n<style type=\"text\/css\" data-created_by=\"avia_inline_auto\" id=\"style-css-av-1y7xob-de0d5d905fa2e4a04b5f6f45bd8baf92\">\n.flex_column.av-1y7xob-de0d5d905fa2e4a04b5f6f45bd8baf92{\nborder-radius:0px 0px 0px 0px;\npadding:0px 0px 0px 0px;\n}\n<\/style>\n<div  class='flex_column av-1y7xob-de0d5d905fa2e4a04b5f6f45bd8baf92 av_one_full  avia-builder-el-5  el_after_av_one_full  el_before_av_one_full  first flex_column_div av-zero-column-padding  column-top-margin'     ><section  class='av_textblock_section av-jwrui2a6-f35c9cd1504945c18d514592ba8a4541 '   itemscope=\"itemscope\" itemtype=\"https:\/\/schema.org\/CreativeWork\" ><div class='avia_textblock'  itemprop=\"text\" ><h3>EL S\u00c1BADO: \u201cCircuito salvaje\u201d de Saint-Julien de Lampon a Vitrac<\/h3>\n<p>Cita en el parking Vitrac <a href=\"https:\/\/goo.gl\/maps\/uPeXBcscKNJHgMfy6\" target=\"_blank\" rel=\"noopener\">(Mapa de acceso a la base de Vitrac&#8230;)<\/a><br \/>\nSalida el s\u00e1bado por la ma\u00f1ana en autob\u00fas a las 9:30 h (a confirmar) hacia Saint-Julien de Lampon<br \/>\n<img decoding=\"async\" class=\"size-full wp-image-420 alignnone\" title=\"parcours-3\" src=\"https:\/\/www.perigordaventureloisirs.com\/wp-content\/uploads\/2019\/06\/parcours-4.gif\" alt=\" width=\" height=\"302\" \/><br \/>\nPor la noche puede elegir entre acampar en la base de Vitrac en nuestro terreno o en camping, hotel o habitaciones de hu\u00e9spedes que desee, todas situadas en las cercan\u00edas inmediatas del r\u00edo.<br \/>\nSu coche permanece in situ.<\/p>\n<hr \/>\n<h3>EL DOMINGO: \u201cCircuito tur\u00edstico\u201d de Vitrac a Beynac<\/h3>\n<p>Salida seg\u00fan lo desee entre las 09:30 h y las 16:00 h.<br \/>\n<img loading=\"lazy\" decoding=\"async\" class=\"size-full wp-image-419 alignnone\" title=\"parcours-2\" src=\"https:\/\/www.perigordaventureloisirs.com\/wp-content\/uploads\/2019\/06\/parcours-1.gif\" alt=\"\" width=\"694\" height=\"302\" \/><br \/>\nRegreso en autob\u00fas desde Beynac entre las 13:00 h y las 19:00 h.<\/p>\n<hr \/>\n<p style=\"text-align: center;\"><span style=\"color: #ff0000;\"><strong>PRECIO \u00daNICO: 45 \u20ac por persona en canoa y 50 \u20ac en kayak<\/strong><\/span><br \/>\n<em>No hay descuento en esta oferta.<\/em><\/p>\n<p><div  class='avia-button-wrap av-fhpty5-589bcbc20a2f5b6cc8fe83e1c0284584-wrap avia-button-center  avia-builder-el-7  el_before_av_button  avia-builder-el-first '>\n<style type=\"text\/css\" data-created_by=\"avia_inline_auto\" id=\"style-css-av-fhpty5-589bcbc20a2f5b6cc8fe83e1c0284584\">\n#top #wrap_all .avia-button.av-fhpty5-589bcbc20a2f5b6cc8fe83e1c0284584{\nbackground-color:#009037;;\nborder-color:#009037;;\ncolor:#ffffff;\ntransition:all 0.4s ease-in-out;\n}\n#top #wrap_all .avia-button.av-fhpty5-589bcbc20a2f5b6cc8fe83e1c0284584 .avia-svg-icon svg:first-child{\nfill:#ffffff;\nstroke:#ffffff;\n}\n<\/style>\n<a href='https:\/\/www.perigordaventureloisirs.com\/es\/informacion-practica-canoe-dordogne'  class='avia-button av-fhpty5-589bcbc20a2f5b6cc8fe83e1c0284584 av-link-btn avia-icon_select-yes-left-icon avia-size-large avia-position-center'   aria-label=\"Informaci\u00f3n pr\u00e1ctica\"><span class='avia_button_icon avia_button_icon_left avia-iconfont avia-font-entypo-fontello' data-av_icon='\ue832' data-av_iconfont='entypo-fontello' ><\/span><span class='avia_iconbox_title' >Informaci\u00f3n pr\u00e1ctica<\/span><\/a><\/div> <div  class='avia-button-wrap av-fhpty5-10-9f877f467c7e4d779ca8c8e689bf4769-wrap avia-button-center  avia-builder-el-8  el_after_av_button  avia-builder-el-last '>\n<style type=\"text\/css\" data-created_by=\"avia_inline_auto\" id=\"style-css-av-fhpty5-10-9f877f467c7e4d779ca8c8e689bf4769\">\n#top #wrap_all .avia-button.av-fhpty5-10-9f877f467c7e4d779ca8c8e689bf4769{\nbackground-color:#e2001a;\nborder-color:#e2001a;\ncolor:#ffffff;\ntransition:all 0.4s ease-in-out;\n}\n#top #wrap_all .avia-button.av-fhpty5-10-9f877f467c7e4d779ca8c8e689bf4769 .avia-svg-icon svg:first-child{\nfill:#ffffff;\nstroke:#ffffff;\n}\n<\/style>\n<a href='https:\/\/reservations.perigordaventureloisirs.com\/activite\/randonnee-trek-canoe-kayak'  class='avia-button av-fhpty5-10-9f877f467c7e4d779ca8c8e689bf4769 av-link-btn avia-icon_select-yes-left-icon avia-size-large avia-position-center'  target=\"_blank\"  rel=\"noopener noreferrer\"  aria-label=\"Reserva\"><span class='avia_button_icon avia_button_icon_left avia-iconfont avia-font-entypo-fontello' data-av_icon='\ue832' data-av_iconfont='entypo-fontello' ><\/span><span class='avia_iconbox_title' >Reserva<\/span><\/a><\/div><\/p>\n<\/div><\/section><\/div>\n\n<style type=\"text\/css\" data-created_by=\"avia_inline_auto\" id=\"style-css-av-1y7xob-2-e0d31f05e48c400b80c63b18cb67d388\">\n#top .flex_column.av-1y7xob-2-e0d31f05e48c400b80c63b18cb67d388{\nmargin-top:20px;\nmargin-bottom:20px;\n}\n.flex_column.av-1y7xob-2-e0d31f05e48c400b80c63b18cb67d388{\nborder-radius:0px 0px 0px 0px;\npadding:20px 20px 20px 20px;\nbackground-color:#ebebeb;\n}\n.responsive #top #wrap_all .flex_column.av-1y7xob-2-e0d31f05e48c400b80c63b18cb67d388{\nmargin-top:20px;\nmargin-bottom:20px;\n}\n<\/style>\n<div  class='flex_column av-1y7xob-2-e0d31f05e48c400b80c63b18cb67d388 av_one_full  avia-builder-el-9  el_after_av_one_full  avia-builder-el-last  first flex_column_div  column-top-margin'     ><style type=\"text\/css\" data-created_by=\"avia_inline_auto\" id=\"style-css-av-jwrui2a6-1-c9813a70448e87b67e71dea43bd75b72\">\n#top .av_textblock_section.av-jwrui2a6-1-c9813a70448e87b67e71dea43bd75b72 .avia_textblock{\ntext-align:center;\n}\n<\/style>\n<section  class='av_textblock_section av-jwrui2a6-1-c9813a70448e87b67e71dea43bd75b72 '   itemscope=\"itemscope\" itemtype=\"https:\/\/schema.org\/CreativeWork\" ><div class='avia_textblock'  itemprop=\"text\" ><h3 style=\"text-align: center;\">Usted desea almorzar en el lugar,<br \/>\nmediod\u00eda o noche?<\/h3>\n<p><img loading=\"lazy\" decoding=\"async\" class=\"size-full wp-image-3387 aligncenter\" src=\"https:\/\/www.perigordaventureloisirs.com\/wp-content\/uploads\/2019\/06\/pique-nique.jpg\" alt=\"\" width=\"590\" height=\"268\" srcset=\"https:\/\/www.perigordaventureloisirs.com\/wp-content\/uploads\/2019\/06\/pique-nique.jpg 590w, https:\/\/www.perigordaventureloisirs.com\/wp-content\/uploads\/2019\/06\/pique-nique-300x136.jpg 300w, https:\/\/www.perigordaventureloisirs.com\/wp-content\/uploads\/2019\/06\/pique-nique-450x204.jpg 450w\" sizes=\"auto, (max-width: 590px) 100vw, 590px\" \/><\/p>\n<p><strong>Plan de comidas a 25 \u20ac<\/strong><br \/>\nEjemplo: ensalada de perigord o verduras crudas + carnes a la parrilla y patatas fritas + pastel de nuez o helado.<\/p>\n<p><strong>Snack, \u00c1rea de picnic disponible<\/strong><\/p>\n<p><strong>Grupos:<\/strong> P\u00f3ngase en contacto con nosotros.<\/p>\n<p><strong><span style=\"color: #e2001a;\">Cualquier propuesta de men\u00fa puede ser estudiada.<\/span><\/strong><\/p>\n<\/div><\/section><\/div>\n","protected":false},"excerpt":{"rendered":"","protected":false},"author":1,"featured_media":0,"parent":0,"menu_order":0,"comment_status":"closed","ping_status":"closed","template":"","meta":{"footnotes":""},"class_list":["post-4110","page","type-page","status-publish","hentry"],"yoast_head":"<!-- This site is optimized with the Yoast SEO plugin v27.5 - https:\/\/yoast.com\/product\/yoast-seo-wordpress\/ -->\n<title>Formule sp\u00e9ciale week-end pour descendre la Dordogne en cano\u00eb<\/title>\n<meta name=\"description\" content=\"D\u00e9couvrez la Dordogne en cano\u00eb le temps d&#039;un week-end avec P\u00e9rigord Aventure et Loisirs. Circuits de descente en cano\u00ebs ou kayaks sauvages et touristiques.\" \/>\n<meta name=\"robots\" content=\"index, follow, max-snippet:-1, max-image-preview:large, max-video-preview:-1\" \/>\n<link rel=\"canonical\" href=\"https:\/\/www.perigordaventureloisirs.com\/es\/formula-canoa-dordogne-especial-fin-de-semana\/\" \/>\n<meta property=\"og:locale\" content=\"es_ES\" \/>\n<meta property=\"og:type\" content=\"article\" \/>\n<meta property=\"og:title\" content=\"Formule sp\u00e9ciale week-end pour descendre la Dordogne en cano\u00eb\" \/>\n<meta property=\"og:description\" content=\"D\u00e9couvrez la Dordogne en cano\u00eb le temps d&#039;un week-end avec P\u00e9rigord Aventure et Loisirs. Circuits de descente en cano\u00ebs ou kayaks sauvages et touristiques.\" \/>\n<meta property=\"og:url\" content=\"https:\/\/www.perigordaventureloisirs.com\/es\/formula-canoa-dordogne-especial-fin-de-semana\/\" \/>\n<meta property=\"og:site_name\" content=\"P\u00e9rigord Aventure et Loisirs\" \/>\n<meta property=\"article:modified_time\" content=\"2024-05-24T11:21:28+00:00\" \/>\n<meta property=\"og:image\" content=\"https:\/\/www.perigordaventureloisirs.com\/wp-content\/uploads\/2019\/06\/parcours-4.gif\" \/>\n<meta name=\"twitter:card\" content=\"summary_large_image\" \/>\n<meta name=\"twitter:label1\" content=\"Tiempo de lectura\" \/>\n\t<meta name=\"twitter:data1\" content=\"4 minutos\" \/>\n<script type=\"application\/ld+json\" class=\"yoast-schema-graph\">{\"@context\":\"https:\\\/\\\/schema.org\",\"@graph\":[{\"@type\":\"WebPage\",\"@id\":\"https:\\\/\\\/www.perigordaventureloisirs.com\\\/es\\\/formula-canoa-dordogne-especial-fin-de-semana\\\/\",\"url\":\"https:\\\/\\\/www.perigordaventureloisirs.com\\\/es\\\/formula-canoa-dordogne-especial-fin-de-semana\\\/\",\"name\":\"Formule sp\u00e9ciale week-end pour descendre la Dordogne en cano\u00eb\",\"isPartOf\":{\"@id\":\"https:\\\/\\\/www.perigordaventureloisirs.com\\\/#website\"},\"primaryImageOfPage\":{\"@id\":\"https:\\\/\\\/www.perigordaventureloisirs.com\\\/es\\\/formula-canoa-dordogne-especial-fin-de-semana\\\/#primaryimage\"},\"image\":{\"@id\":\"https:\\\/\\\/www.perigordaventureloisirs.com\\\/es\\\/formula-canoa-dordogne-especial-fin-de-semana\\\/#primaryimage\"},\"thumbnailUrl\":\"https:\\\/\\\/www.perigordaventureloisirs.com\\\/wp-content\\\/uploads\\\/2019\\\/06\\\/parcours-4.gif\",\"datePublished\":\"2019-06-11T14:18:48+00:00\",\"dateModified\":\"2024-05-24T11:21:28+00:00\",\"description\":\"D\u00e9couvrez la Dordogne en cano\u00eb le temps d'un week-end avec P\u00e9rigord Aventure et Loisirs. Circuits de descente en cano\u00ebs ou kayaks sauvages et touristiques.\",\"breadcrumb\":{\"@id\":\"https:\\\/\\\/www.perigordaventureloisirs.com\\\/es\\\/formula-canoa-dordogne-especial-fin-de-semana\\\/#breadcrumb\"},\"inLanguage\":\"es\",\"potentialAction\":[{\"@type\":\"ReadAction\",\"target\":[\"https:\\\/\\\/www.perigordaventureloisirs.com\\\/es\\\/formula-canoa-dordogne-especial-fin-de-semana\\\/\"]}]},{\"@type\":\"ImageObject\",\"inLanguage\":\"es\",\"@id\":\"https:\\\/\\\/www.perigordaventureloisirs.com\\\/es\\\/formula-canoa-dordogne-especial-fin-de-semana\\\/#primaryimage\",\"url\":\"https:\\\/\\\/www.perigordaventureloisirs.com\\\/wp-content\\\/uploads\\\/2019\\\/06\\\/parcours-4.gif\",\"contentUrl\":\"https:\\\/\\\/www.perigordaventureloisirs.com\\\/wp-content\\\/uploads\\\/2019\\\/06\\\/parcours-4.gif\"},{\"@type\":\"BreadcrumbList\",\"@id\":\"https:\\\/\\\/www.perigordaventureloisirs.com\\\/es\\\/formula-canoa-dordogne-especial-fin-de-semana\\\/#breadcrumb\",\"itemListElement\":[{\"@type\":\"ListItem\",\"position\":1,\"name\":\"Accueil\",\"item\":\"https:\\\/\\\/www.perigordaventureloisirs.com\\\/es\\\/\"},{\"@type\":\"ListItem\",\"position\":2,\"name\":\"F\u00f3rmula Especial Fin de semana\"}]},{\"@type\":\"WebSite\",\"@id\":\"https:\\\/\\\/www.perigordaventureloisirs.com\\\/#website\",\"url\":\"https:\\\/\\\/www.perigordaventureloisirs.com\\\/\",\"name\":\"P\u00e9rigord Aventure et Loisirs\",\"description\":\"Location Cano\u00eb Kayak sur la Dordogne\",\"publisher\":{\"@id\":\"https:\\\/\\\/www.perigordaventureloisirs.com\\\/#organization\"},\"potentialAction\":[{\"@type\":\"SearchAction\",\"target\":{\"@type\":\"EntryPoint\",\"urlTemplate\":\"https:\\\/\\\/www.perigordaventureloisirs.com\\\/?s={search_term_string}\"},\"query-input\":{\"@type\":\"PropertyValueSpecification\",\"valueRequired\":true,\"valueName\":\"search_term_string\"}}],\"inLanguage\":\"es\"},{\"@type\":\"Organization\",\"@id\":\"https:\\\/\\\/www.perigordaventureloisirs.com\\\/#organization\",\"name\":\"P\u00e9rigord Aventure Loisirs\",\"url\":\"https:\\\/\\\/www.perigordaventureloisirs.com\\\/\",\"logo\":{\"@type\":\"ImageObject\",\"inLanguage\":\"es\",\"@id\":\"https:\\\/\\\/www.perigordaventureloisirs.com\\\/#\\\/schema\\\/logo\\\/image\\\/\",\"url\":\"https:\\\/\\\/www.perigordaventureloisirs.com\\\/wp-content\\\/uploads\\\/2019\\\/06\\\/logo-perigord-aventure-loisirs-540x125px.png\",\"contentUrl\":\"https:\\\/\\\/www.perigordaventureloisirs.com\\\/wp-content\\\/uploads\\\/2019\\\/06\\\/logo-perigord-aventure-loisirs-540x125px.png\",\"width\":540,\"height\":125,\"caption\":\"P\u00e9rigord Aventure Loisirs\"},\"image\":{\"@id\":\"https:\\\/\\\/www.perigordaventureloisirs.com\\\/#\\\/schema\\\/logo\\\/image\\\/\"}}]}<\/script>\n<!-- \/ Yoast SEO plugin. -->","yoast_head_json":{"title":"Formule sp\u00e9ciale week-end pour descendre la Dordogne en cano\u00eb","description":"D\u00e9couvrez la Dordogne en cano\u00eb le temps d'un week-end avec P\u00e9rigord Aventure et Loisirs. Circuits de descente en cano\u00ebs ou kayaks sauvages et touristiques.","robots":{"index":"index","follow":"follow","max-snippet":"max-snippet:-1","max-image-preview":"max-image-preview:large","max-video-preview":"max-video-preview:-1"},"canonical":"https:\/\/www.perigordaventureloisirs.com\/es\/formula-canoa-dordogne-especial-fin-de-semana\/","og_locale":"es_ES","og_type":"article","og_title":"Formule sp\u00e9ciale week-end pour descendre la Dordogne en cano\u00eb","og_description":"D\u00e9couvrez la Dordogne en cano\u00eb le temps d'un week-end avec P\u00e9rigord Aventure et Loisirs. Circuits de descente en cano\u00ebs ou kayaks sauvages et touristiques.","og_url":"https:\/\/www.perigordaventureloisirs.com\/es\/formula-canoa-dordogne-especial-fin-de-semana\/","og_site_name":"P\u00e9rigord Aventure et Loisirs","article_modified_time":"2024-05-24T11:21:28+00:00","og_image":[{"url":"https:\/\/www.perigordaventureloisirs.com\/wp-content\/uploads\/2019\/06\/parcours-4.gif","type":"","width":"","height":""}],"twitter_card":"summary_large_image","twitter_misc":{"Tiempo de lectura":"4 minutos"},"schema":{"@context":"https:\/\/schema.org","@graph":[{"@type":"WebPage","@id":"https:\/\/www.perigordaventureloisirs.com\/es\/formula-canoa-dordogne-especial-fin-de-semana\/","url":"https:\/\/www.perigordaventureloisirs.com\/es\/formula-canoa-dordogne-especial-fin-de-semana\/","name":"Formule sp\u00e9ciale week-end pour descendre la Dordogne en cano\u00eb","isPartOf":{"@id":"https:\/\/www.perigordaventureloisirs.com\/#website"},"primaryImageOfPage":{"@id":"https:\/\/www.perigordaventureloisirs.com\/es\/formula-canoa-dordogne-especial-fin-de-semana\/#primaryimage"},"image":{"@id":"https:\/\/www.perigordaventureloisirs.com\/es\/formula-canoa-dordogne-especial-fin-de-semana\/#primaryimage"},"thumbnailUrl":"https:\/\/www.perigordaventureloisirs.com\/wp-content\/uploads\/2019\/06\/parcours-4.gif","datePublished":"2019-06-11T14:18:48+00:00","dateModified":"2024-05-24T11:21:28+00:00","description":"D\u00e9couvrez la Dordogne en cano\u00eb le temps d'un week-end avec P\u00e9rigord Aventure et Loisirs. Circuits de descente en cano\u00ebs ou kayaks sauvages et touristiques.","breadcrumb":{"@id":"https:\/\/www.perigordaventureloisirs.com\/es\/formula-canoa-dordogne-especial-fin-de-semana\/#breadcrumb"},"inLanguage":"es","potentialAction":[{"@type":"ReadAction","target":["https:\/\/www.perigordaventureloisirs.com\/es\/formula-canoa-dordogne-especial-fin-de-semana\/"]}]},{"@type":"ImageObject","inLanguage":"es","@id":"https:\/\/www.perigordaventureloisirs.com\/es\/formula-canoa-dordogne-especial-fin-de-semana\/#primaryimage","url":"https:\/\/www.perigordaventureloisirs.com\/wp-content\/uploads\/2019\/06\/parcours-4.gif","contentUrl":"https:\/\/www.perigordaventureloisirs.com\/wp-content\/uploads\/2019\/06\/parcours-4.gif"},{"@type":"BreadcrumbList","@id":"https:\/\/www.perigordaventureloisirs.com\/es\/formula-canoa-dordogne-especial-fin-de-semana\/#breadcrumb","itemListElement":[{"@type":"ListItem","position":1,"name":"Accueil","item":"https:\/\/www.perigordaventureloisirs.com\/es\/"},{"@type":"ListItem","position":2,"name":"F\u00f3rmula Especial Fin de semana"}]},{"@type":"WebSite","@id":"https:\/\/www.perigordaventureloisirs.com\/#website","url":"https:\/\/www.perigordaventureloisirs.com\/","name":"P\u00e9rigord Aventure et Loisirs","description":"Location Cano\u00eb Kayak sur la Dordogne","publisher":{"@id":"https:\/\/www.perigordaventureloisirs.com\/#organization"},"potentialAction":[{"@type":"SearchAction","target":{"@type":"EntryPoint","urlTemplate":"https:\/\/www.perigordaventureloisirs.com\/?s={search_term_string}"},"query-input":{"@type":"PropertyValueSpecification","valueRequired":true,"valueName":"search_term_string"}}],"inLanguage":"es"},{"@type":"Organization","@id":"https:\/\/www.perigordaventureloisirs.com\/#organization","name":"P\u00e9rigord Aventure Loisirs","url":"https:\/\/www.perigordaventureloisirs.com\/","logo":{"@type":"ImageObject","inLanguage":"es","@id":"https:\/\/www.perigordaventureloisirs.com\/#\/schema\/logo\/image\/","url":"https:\/\/www.perigordaventureloisirs.com\/wp-content\/uploads\/2019\/06\/logo-perigord-aventure-loisirs-540x125px.png","contentUrl":"https:\/\/www.perigordaventureloisirs.com\/wp-content\/uploads\/2019\/06\/logo-perigord-aventure-loisirs-540x125px.png","width":540,"height":125,"caption":"P\u00e9rigord Aventure Loisirs"},"image":{"@id":"https:\/\/www.perigordaventureloisirs.com\/#\/schema\/logo\/image\/"}}]}},"_links":{"self":[{"href":"https:\/\/www.perigordaventureloisirs.com\/es\/wp-json\/wp\/v2\/pages\/4110","targetHints":{"allow":["GET"]}}],"collection":[{"href":"https:\/\/www.perigordaventureloisirs.com\/es\/wp-json\/wp\/v2\/pages"}],"about":[{"href":"https:\/\/www.perigordaventureloisirs.com\/es\/wp-json\/wp\/v2\/types\/page"}],"author":[{"embeddable":true,"href":"https:\/\/www.perigordaventureloisirs.com\/es\/wp-json\/wp\/v2\/users\/1"}],"replies":[{"embeddable":true,"href":"https:\/\/www.perigordaventureloisirs.com\/es\/wp-json\/wp\/v2\/comments?post=4110"}],"version-history":[{"count":0,"href":"https:\/\/www.perigordaventureloisirs.com\/es\/wp-json\/wp\/v2\/pages\/4110\/revisions"}],"wp:attachment":[{"href":"https:\/\/www.perigordaventureloisirs.com\/es\/wp-json\/wp\/v2\/media?parent=4110"}],"curies":[{"name":"wp","href":"https:\/\/api.w.org\/{rel}","templated":true}]}}